{"id":107,"date":"2024-07-15T03:50:21","date_gmt":"2024-07-15T03:50:21","guid":{"rendered":"http:\/\/source.wpopal.com\/industras\/?page_id=107"},"modified":"2025-01-03T17:44:26","modified_gmt":"2025-01-03T16:44:26","slug":"blog","status":"publish","type":"page","link":"https:\/\/capcover.tn\/en\/blog\/","title":{"rendered":"Blog"},"content":{"rendered":"<div data-elementor-type=\"wp-page\" data-elementor-id=\"107\" class=\"elementor elementor-107\">\n\t\t\t\t<div class=\"elementor-element elementor-element-4223639 e-flex e-con-boxed e-con e-parent\" data-id=\"4223639\" data-element_type=\"container\">\n\t\t\t\t\t<div class=\"e-con-inner\">\n\t\t<div class=\"elementor-element elementor-element-247579b e-con-full e-flex elementor-invisible e-con e-child\" data-id=\"247579b\" data-element_type=\"container\" data-settings=\"{&quot;animation&quot;:&quot;fadeInUp&quot;}\">\n\t\t\t\t<div class=\"elementor-element elementor-element-12bc04e elementor-mobile-align-center elementor-icon-list--layout-traditional elementor-list-item-link-full_width elementor-widget elementor-widget-icon-list\" data-id=\"12bc04e\" data-element_type=\"widget\" data-widget_type=\"icon-list.default\">\n\t\t\t\t<div class=\"elementor-widget-container\">\n\t\t\t\t\t\t\t<ul class=\"elementor-icon-list-items\">\n\t\t\t\t\t\t\t<li class=\"elementor-icon-list-item\">\n\t\t\t\t\t\t\t\t\t\t\t<span class=\"elementor-icon-list-icon\">\n\t\t\t\t\t\t\t<i aria-hidden=\"true\" class=\"industras-icon- industras-icon-circle-o\"><\/i>\t\t\t\t\t\t<\/span>\n\t\t\t\t\t\t\t\t\t\t<span class=\"elementor-icon-list-text\">BLOG & NEWS<\/span>\n\t\t\t\t\t\t\t\t\t<\/li>\n\t\t\t\t\t\t<\/ul>\n\t\t\t\t\t\t<\/div>\n\t\t\t\t<\/div>\n\t\t\t\t<div class=\"elementor-element elementor-element-28a3863 elementor-widget__width-initial elementor-widget-tablet__width-inherit elementor-widget elementor-widget-heading\" data-id=\"28a3863\" data-element_type=\"widget\" data-widget_type=\"heading.default\">\n\t\t\t\t<div class=\"elementor-widget-container\">\n\t\t\t\t\t<h2 class=\"elementor-heading-title elementor-size-default\">Our blog posts<\/h2>\t\t\t\t<\/div>\n\t\t\t\t<\/div>\n\t\t\t\t<\/div>\n\t\t\t\t<div class=\"elementor-element elementor-element-5a5f16c elementor-widget-divider--view-line elementor-invisible elementor-widget elementor-widget-divider\" data-id=\"5a5f16c\" data-element_type=\"widget\" data-settings=\"{&quot;_animation&quot;:&quot;fadeInRight&quot;}\" data-widget_type=\"divider.default\">\n\t\t\t\t<div class=\"elementor-widget-container\">\n\t\t\t\t\t\t\t<div class=\"elementor-divider\">\n\t\t\t<span class=\"elementor-divider-separator\">\n\t\t\t\t\t\t<\/span>\n\t\t<\/div>\n\t\t\t\t\t\t<\/div>\n\t\t\t\t<\/div>\n\t\t \t\t<div class=\"elementor-element elementor-element-524691f elementor-grid-3 elementor-grid-mobile-1 elementor-widget elementor-widget-industras-post-grid\" data-id=\"524691f\" data-element_type=\"widget\" data-settings=\"{&quot;column&quot;:&quot;3&quot;,&quot;column_mobile&quot;:&quot;1&quot;,&quot;column_spacing&quot;:{&quot;unit&quot;:&quot;px&quot;,&quot;size&quot;:30,&quot;sizes&quot;:[]}}\" data-widget_type=\"industras-post-grid.default\">\n\t\t\t\t<div class=\"elementor-widget-container\">\n\t\t\t\t\t        <div class=\"elementor-post-wrapper layout-post-style-1 industras-wrapper\">\n            <div class=\"industras-con\">\n                <div class=\"industras-con-inner elementor-grid\">\n                                            <div class=\"elementor-posts-item\">\n                            <div class=\"post-style-1\">\n    <div class=\"post-inner\">\n        <div class=\"post-thumbnail\">                        <div class=\"posted-on\">\n            <a href=\"https:\/\/capcover.tn\/en\/les-grandes-tendances-de-lemballage-en-2024-entre-securite-et-durabilite\/\">\n                <span class=\"posted-on-day\">31<\/span><span class=\"posted-on-month\">Dec<\/span><span class=\"posted-on-year\">2024<\/span>\n            <\/a>\n        <\/div>\n                       <img fetchpriority=\"high\" decoding=\"async\" width=\"350\" height=\"350\" src=\"https:\/\/capcover.tn\/wp-content\/uploads\/2024\/12\/universal-1.jpg\" class=\"attachment-industras-post-grid size-industras-post-grid wp-post-image\" alt=\"\" srcset=\"https:\/\/capcover.tn\/wp-content\/uploads\/2024\/12\/universal-1.jpg 350w, https:\/\/capcover.tn\/wp-content\/uploads\/2024\/12\/universal-1-300x300.jpg 300w, https:\/\/capcover.tn\/wp-content\/uploads\/2024\/12\/universal-1-150x150.jpg 150w\" sizes=\"(max-width: 350px) 100vw, 350px\" \/><\/div>        <div class=\"post-content\">\n            <div class=\"entry-content\">\n                <div class=\"entry-meta-top\">\n                       <div class=\"post-author\"><span><a href=\"https:\/\/capcover.tn\/en\/author\/webmaster\/\" class=\"url fn\" rel=\"author\">webmaster<\/a><\/span><\/div>            <div class=\"meta-reply\">\n                <span>Comments Off<span class=\"screen-reader-text\"> on Les Grandes Tendances de l\u2019Emballage en 2024 : Entre S\u00e9curit\u00e9 et Durabilit\u00e9<\/span><\/span>            <\/div>\n                            <\/div>\n                <h3 class=\"entry-title\"><a href=\"https:\/\/capcover.tn\/en\/les-grandes-tendances-de-lemballage-en-2024-entre-securite-et-durabilite\/\" rel=\"bookmark\">The Major Packaging Trends of 2024: Between Security and Sustainability<\/a><\/h3>\n                <div class=\"excerpt-content\">Introduction: The packaging industry is in constant evolution, driven by technological innovations and growing expectations regarding security and sustainability. In 2024, these trends are solidifying as...<\/div>\n                <div class=\"more-link-wrap\">\n                    <a class=\"more-link\" href=\"https:\/\/capcover.tn\/en\/les-grandes-tendances-de-lemballage-en-2024-entre-securite-et-durabilite\/\">\n                        <span>Read more<\/span>\n                        <span><i class=\"industras-icon-arrow-right\"><\/i><\/span>\n                    <\/a>\n                <\/div>\n            <\/div>\n        <\/div>\n    <\/div>\n<\/div>\n                        <\/div>\n                                                <div class=\"elementor-posts-item\">\n                            <div class=\"post-style-1\">\n    <div class=\"post-inner\">\n        <div class=\"post-thumbnail\">                        <div class=\"posted-on\">\n            <a href=\"https:\/\/capcover.tn\/en\/des-solutions-de-scellage-sur-mesure-repondre-aux-besoins-de-chaque-secteur\/\">\n                <span class=\"posted-on-day\">31<\/span><span class=\"posted-on-month\">Dec<\/span><span class=\"posted-on-year\">2024<\/span>\n            <\/a>\n        <\/div>\n                       <img decoding=\"async\" width=\"350\" height=\"350\" src=\"https:\/\/capcover.tn\/wp-content\/uploads\/2024\/12\/universal-2.jpg\" class=\"attachment-industras-post-grid size-industras-post-grid wp-post-image\" alt=\"\" srcset=\"https:\/\/capcover.tn\/wp-content\/uploads\/2024\/12\/universal-2.jpg 350w, https:\/\/capcover.tn\/wp-content\/uploads\/2024\/12\/universal-2-300x300.jpg 300w, https:\/\/capcover.tn\/wp-content\/uploads\/2024\/12\/universal-2-150x150.jpg 150w\" sizes=\"(max-width: 350px) 100vw, 350px\" \/><\/div>        <div class=\"post-content\">\n            <div class=\"entry-content\">\n                <div class=\"entry-meta-top\">\n                       <div class=\"post-author\"><span><a href=\"https:\/\/capcover.tn\/en\/author\/webmaster\/\" class=\"url fn\" rel=\"author\">webmaster<\/a><\/span><\/div>            <div class=\"meta-reply\">\n                <span>Comments Off<span class=\"screen-reader-text\"> on Des Solutions de Scellage sur Mesure : R\u00e9pondre aux Besoins de Chaque Secteur<\/span><\/span>            <\/div>\n                            <\/div>\n                <h3 class=\"entry-title\"><a href=\"https:\/\/capcover.tn\/en\/des-solutions-de-scellage-sur-mesure-repondre-aux-besoins-de-chaque-secteur\/\" rel=\"bookmark\">Custom Sealing Solutions: Meeting the Needs of Every Sector<\/a><\/h3>\n                <div class=\"excerpt-content\">Introduction: In a world where each product has unique requirements, standard sealing solutions are no longer sufficient. CAPCOVER innovates with custom induction sealing solutions for...<\/div>\n                <div class=\"more-link-wrap\">\n                    <a class=\"more-link\" href=\"https:\/\/capcover.tn\/en\/des-solutions-de-scellage-sur-mesure-repondre-aux-besoins-de-chaque-secteur\/\">\n                        <span>Read more<\/span>\n                        <span><i class=\"industras-icon-arrow-right\"><\/i><\/span>\n                    <\/a>\n                <\/div>\n            <\/div>\n        <\/div>\n    <\/div>\n<\/div>\n                        <\/div>\n                                                <div class=\"elementor-posts-item\">\n                            <div class=\"post-style-1\">\n    <div class=\"post-inner\">\n        <div class=\"post-thumbnail\">                        <div class=\"posted-on\">\n            <a href=\"https:\/\/capcover.tn\/en\/la-technologie-de-scellage-par-induction-assurer-la-securite-et-la-fraicheur-des-produits\/\">\n                <span class=\"posted-on-day\">31<\/span><span class=\"posted-on-month\">Dec<\/span><span class=\"posted-on-year\">2024<\/span>\n            <\/a>\n        <\/div>\n                       <img decoding=\"async\" width=\"350\" height=\"350\" src=\"https:\/\/capcover.tn\/wp-content\/uploads\/2024\/12\/universal.jpg\" class=\"attachment-industras-post-grid size-industras-post-grid wp-post-image\" alt=\"\" srcset=\"https:\/\/capcover.tn\/wp-content\/uploads\/2024\/12\/universal.jpg 350w, https:\/\/capcover.tn\/wp-content\/uploads\/2024\/12\/universal-300x300.jpg 300w, https:\/\/capcover.tn\/wp-content\/uploads\/2024\/12\/universal-150x150.jpg 150w\" sizes=\"(max-width: 350px) 100vw, 350px\" \/><\/div>        <div class=\"post-content\">\n            <div class=\"entry-content\">\n                <div class=\"entry-meta-top\">\n                       <div class=\"post-author\"><span><a href=\"https:\/\/capcover.tn\/en\/author\/webmaster\/\" class=\"url fn\" rel=\"author\">webmaster<\/a><\/span><\/div>            <div class=\"meta-reply\">\n                <span>Comments Off<span class=\"screen-reader-text\"> on La Technologie de Scellage par Induction : Assurer la S\u00e9curit\u00e9 et la Fra\u00eecheur des Produits<\/span><\/span>            <\/div>\n                            <\/div>\n                <h3 class=\"entry-title\"><a href=\"https:\/\/capcover.tn\/en\/la-technologie-de-scellage-par-induction-assurer-la-securite-et-la-fraicheur-des-produits\/\" rel=\"bookmark\">Induction Sealing Technology: Ensuring Product Safety and Freshness<\/a><\/h3>\n                <div class=\"excerpt-content\">Introduction: Induction sealing is a crucial technology across many industries, ensuring the integrity and tamper-evidence of products. This solution guarantees the quality and safety of products...<\/div>\n                <div class=\"more-link-wrap\">\n                    <a class=\"more-link\" href=\"https:\/\/capcover.tn\/en\/la-technologie-de-scellage-par-induction-assurer-la-securite-et-la-fraicheur-des-produits\/\">\n                        <span>Read more<\/span>\n                        <span><i class=\"industras-icon-arrow-right\"><\/i><\/span>\n                    <\/a>\n                <\/div>\n            <\/div>\n        <\/div>\n    <\/div>\n<\/div>\n                        <\/div>\n                                        <\/div>\n            <\/div>\n                                <\/div>\n        \t\t\t\t<\/div>\n\t\t\t\t<\/div>\n\t\t\t\t\t<\/div>\n\t\t\t\t<\/div>\n\t\t\t\t<\/div>","protected":false},"excerpt":{"rendered":"<p>BLOG &#038; NEWS Nos articles de blog 31D\u00e9c2024 webmaster Commentaires ferm\u00e9s sur Les Grandes Tendances de l\u2019Emballage en 2024 : Entre S\u00e9curit\u00e9 et Durabilit\u00e9 Les Grandes Tendances de l\u2019Emballage en 2024 : Entre S\u00e9curit\u00e9 et Durabilit\u00e9 Introduction L\u2019industrie de l\u2019emballage est en perp\u00e9tuelle \u00e9volution, port\u00e9e par des innovations technologiques et des attentes croissantes en mati\u00e8re [&hellip;]<\/p>","protected":false},"author":1,"featured_media":0,"parent":0,"menu_order":0,"comment_status":"closed","ping_status":"closed","template":"","meta":{"inline_featured_image":false,"footnotes":""},"class_list":["post-107","page","type-page","status-publish","hentry"],"yoast_head":"<!-- This site is optimized with the Yoast SEO Premium plugin v24.2 (Yoast SEO v24.2) - https:\/\/yoast.com\/wordpress\/plugins\/seo\/ -->\n<title>Blog - Capcover<\/title>\n<meta name=\"robots\" content=\"index, follow, max-snippet:-1, max-image-preview:large, max-video-preview:-1\" \/>\n<link rel=\"canonical\" href=\"https:\/\/capcover.tn\/en\/blog\/\" \/>\n<meta property=\"og:locale\" content=\"en_GB\" \/>\n<meta property=\"og:type\" content=\"article\" \/>\n<meta property=\"og:title\" content=\"Blog\" \/>\n<meta property=\"og:description\" content=\"BLOG &#038; NEWS Nos articles de blog 31D\u00e9c2024 webmaster Commentaires ferm\u00e9s sur Les Grandes Tendances de l\u2019Emballage en 2024 : Entre S\u00e9curit\u00e9 et Durabilit\u00e9 Les Grandes Tendances de l\u2019Emballage en 2024 : Entre S\u00e9curit\u00e9 et Durabilit\u00e9 Introduction L\u2019industrie de l\u2019emballage est en perp\u00e9tuelle \u00e9volution, port\u00e9e par des innovations technologiques et des attentes croissantes en mati\u00e8re [&hellip;]\" \/>\n<meta property=\"og:url\" content=\"https:\/\/capcover.tn\/en\/blog\/\" \/>\n<meta property=\"og:site_name\" content=\"Capcover\" \/>\n<meta property=\"article:modified_time\" content=\"2025-01-03T16:44:26+00:00\" \/>\n<meta property=\"og:image\" content=\"https:\/\/capcover.tn\/wp-content\/uploads\/2024\/12\/universal-1.jpg\" \/>\n<meta name=\"twitter:card\" content=\"summary_large_image\" \/>\n<meta name=\"twitter:label1\" content=\"Estimated reading time\" \/>\n\t<meta name=\"twitter:data1\" content=\"1 minute\" \/>\n<script type=\"application\/ld+json\" class=\"yoast-schema-graph\">{\"@context\":\"https:\/\/schema.org\",\"@graph\":[{\"@type\":\"WebPage\",\"@id\":\"https:\/\/capcover.tn\/blog\/\",\"url\":\"https:\/\/capcover.tn\/blog\/\",\"name\":\"Blog - Capcover\",\"isPartOf\":{\"@id\":\"https:\/\/capcover.tn\/en\/#website\"},\"primaryImageOfPage\":{\"@id\":\"https:\/\/capcover.tn\/blog\/#primaryimage\"},\"image\":{\"@id\":\"https:\/\/capcover.tn\/blog\/#primaryimage\"},\"thumbnailUrl\":\"https:\/\/capcover.tn\/wp-content\/uploads\/2024\/12\/universal-1.jpg\",\"datePublished\":\"2024-07-15T03:50:21+00:00\",\"dateModified\":\"2025-01-03T16:44:26+00:00\",\"breadcrumb\":{\"@id\":\"https:\/\/capcover.tn\/blog\/#breadcrumb\"},\"inLanguage\":\"en-GB\",\"potentialAction\":[{\"@type\":\"ReadAction\",\"target\":[\"https:\/\/capcover.tn\/blog\/\"]}]},{\"@type\":\"ImageObject\",\"inLanguage\":\"en-GB\",\"@id\":\"https:\/\/capcover.tn\/blog\/#primaryimage\",\"url\":\"https:\/\/capcover.tn\/wp-content\/uploads\/2024\/12\/universal-1.jpg\",\"contentUrl\":\"https:\/\/capcover.tn\/wp-content\/uploads\/2024\/12\/universal-1.jpg\"},{\"@type\":\"BreadcrumbList\",\"@id\":\"https:\/\/capcover.tn\/blog\/#breadcrumb\",\"itemListElement\":[{\"@type\":\"ListItem\",\"position\":1,\"name\":\"Accueil\",\"item\":\"https:\/\/capcover.tn\/\"},{\"@type\":\"ListItem\",\"position\":2,\"name\":\"Blog\"}]},{\"@type\":\"WebSite\",\"@id\":\"https:\/\/capcover.tn\/en\/#website\",\"url\":\"https:\/\/capcover.tn\/en\/\",\"name\":\"Capcover\",\"description\":\"\",\"publisher\":{\"@id\":\"https:\/\/capcover.tn\/en\/#organization\"},\"potentialAction\":[{\"@type\":\"SearchAction\",\"target\":{\"@type\":\"EntryPoint\",\"urlTemplate\":\"https:\/\/capcover.tn\/en\/?s={search_term_string}\"},\"query-input\":{\"@type\":\"PropertyValueSpecification\",\"valueRequired\":true,\"valueName\":\"search_term_string\"}}],\"inLanguage\":\"en-GB\"},{\"@type\":\"Organization\",\"@id\":\"https:\/\/capcover.tn\/en\/#organization\",\"name\":\"Capcover\",\"url\":\"https:\/\/capcover.tn\/en\/\",\"logo\":{\"@type\":\"ImageObject\",\"inLanguage\":\"en-GB\",\"@id\":\"https:\/\/capcover.tn\/en\/#\/schema\/logo\/image\/\",\"url\":\"https:\/\/capcover.tn\/wp-content\/uploads\/2024\/07\/Fichier-1.png\",\"contentUrl\":\"https:\/\/capcover.tn\/wp-content\/uploads\/2024\/07\/Fichier-1.png\",\"width\":276,\"height\":54,\"caption\":\"Capcover\"},\"image\":{\"@id\":\"https:\/\/capcover.tn\/en\/#\/schema\/logo\/image\/\"}}]}<\/script>\n<!-- \/ Yoast SEO Premium plugin. -->","yoast_head_json":{"title":"Blog - Capcover","robots":{"index":"index","follow":"follow","max-snippet":"max-snippet:-1","max-image-preview":"max-image-preview:large","max-video-preview":"max-video-preview:-1"},"canonical":"https:\/\/capcover.tn\/en\/blog\/","og_locale":"en_GB","og_type":"article","og_title":"Blog","og_description":"BLOG &#038; NEWS Nos articles de blog 31D\u00e9c2024 webmaster Commentaires ferm\u00e9s sur Les Grandes Tendances de l\u2019Emballage en 2024 : Entre S\u00e9curit\u00e9 et Durabilit\u00e9 Les Grandes Tendances de l\u2019Emballage en 2024 : Entre S\u00e9curit\u00e9 et Durabilit\u00e9 Introduction L\u2019industrie de l\u2019emballage est en perp\u00e9tuelle \u00e9volution, port\u00e9e par des innovations technologiques et des attentes croissantes en mati\u00e8re [&hellip;]","og_url":"https:\/\/capcover.tn\/en\/blog\/","og_site_name":"Capcover","article_modified_time":"2025-01-03T16:44:26+00:00","og_image":[{"url":"https:\/\/capcover.tn\/wp-content\/uploads\/2024\/12\/universal-1.jpg","type":"","width":"","height":""}],"twitter_card":"summary_large_image","twitter_misc":{"Estimated reading time":"1 minute"},"schema":{"@context":"https:\/\/schema.org","@graph":[{"@type":"WebPage","@id":"https:\/\/capcover.tn\/blog\/","url":"https:\/\/capcover.tn\/blog\/","name":"Blog - Capcover","isPartOf":{"@id":"https:\/\/capcover.tn\/en\/#website"},"primaryImageOfPage":{"@id":"https:\/\/capcover.tn\/blog\/#primaryimage"},"image":{"@id":"https:\/\/capcover.tn\/blog\/#primaryimage"},"thumbnailUrl":"https:\/\/capcover.tn\/wp-content\/uploads\/2024\/12\/universal-1.jpg","datePublished":"2024-07-15T03:50:21+00:00","dateModified":"2025-01-03T16:44:26+00:00","breadcrumb":{"@id":"https:\/\/capcover.tn\/blog\/#breadcrumb"},"inLanguage":"en-GB","potentialAction":[{"@type":"ReadAction","target":["https:\/\/capcover.tn\/blog\/"]}]},{"@type":"ImageObject","inLanguage":"en-GB","@id":"https:\/\/capcover.tn\/blog\/#primaryimage","url":"https:\/\/capcover.tn\/wp-content\/uploads\/2024\/12\/universal-1.jpg","contentUrl":"https:\/\/capcover.tn\/wp-content\/uploads\/2024\/12\/universal-1.jpg"},{"@type":"BreadcrumbList","@id":"https:\/\/capcover.tn\/blog\/#breadcrumb","itemListElement":[{"@type":"ListItem","position":1,"name":"Accueil","item":"https:\/\/capcover.tn\/"},{"@type":"ListItem","position":2,"name":"Blog"}]},{"@type":"WebSite","@id":"https:\/\/capcover.tn\/en\/#website","url":"https:\/\/capcover.tn\/en\/","name":"Capcover","description":"","publisher":{"@id":"https:\/\/capcover.tn\/en\/#organization"},"potentialAction":[{"@type":"SearchAction","target":{"@type":"EntryPoint","urlTemplate":"https:\/\/capcover.tn\/en\/?s={search_term_string}"},"query-input":{"@type":"PropertyValueSpecification","valueRequired":true,"valueName":"search_term_string"}}],"inLanguage":"en-GB"},{"@type":"Organization","@id":"https:\/\/capcover.tn\/en\/#organization","name":"Capcover","url":"https:\/\/capcover.tn\/en\/","logo":{"@type":"ImageObject","inLanguage":"en-GB","@id":"https:\/\/capcover.tn\/en\/#\/schema\/logo\/image\/","url":"https:\/\/capcover.tn\/wp-content\/uploads\/2024\/07\/Fichier-1.png","contentUrl":"https:\/\/capcover.tn\/wp-content\/uploads\/2024\/07\/Fichier-1.png","width":276,"height":54,"caption":"Capcover"},"image":{"@id":"https:\/\/capcover.tn\/en\/#\/schema\/logo\/image\/"}}]}},"_links":{"self":[{"href":"https:\/\/capcover.tn\/en\/wp-json\/wp\/v2\/pages\/107","targetHints":{"allow":["GET"]}}],"collection":[{"href":"https:\/\/capcover.tn\/en\/wp-json\/wp\/v2\/pages"}],"about":[{"href":"https:\/\/capcover.tn\/en\/wp-json\/wp\/v2\/types\/page"}],"author":[{"embeddable":true,"href":"https:\/\/capcover.tn\/en\/wp-json\/wp\/v2\/users\/1"}],"replies":[{"embeddable":true,"href":"https:\/\/capcover.tn\/en\/wp-json\/wp\/v2\/comments?post=107"}],"version-history":[{"count":15,"href":"https:\/\/capcover.tn\/en\/wp-json\/wp\/v2\/pages\/107\/revisions"}],"predecessor-version":[{"id":9262,"href":"https:\/\/capcover.tn\/en\/wp-json\/wp\/v2\/pages\/107\/revisions\/9262"}],"wp:attachment":[{"href":"https:\/\/capcover.tn\/en\/wp-json\/wp\/v2\/media?parent=107"}],"curies":[{"name":"wp","href":"https:\/\/api.w.org\/{rel}","templated":true}]}}