{"id":57,"date":"2024-07-15T03:44:17","date_gmt":"2024-07-15T03:44:17","guid":{"rendered":"http:\/\/source.wpopal.com\/industras\/?page_id=57"},"modified":"2025-04-14T17:50:28","modified_gmt":"2025-04-14T15:50:28","slug":"apropos","status":"publish","type":"page","link":"https:\/\/capcover.tn\/en\/apropos\/","title":{"rendered":"About"},"content":{"rendered":"<div data-elementor-type=\"wp-page\" data-elementor-id=\"57\" class=\"elementor elementor-57\">\n\t\t\t\t<div class=\"elementor-element elementor-element-e48cc83 e-con-full e-flex e-con e-parent\" data-id=\"e48cc83\" data-element_type=\"container\">\n\t\t \t\t<div class=\"elementor-element elementor-element-e933ec9 elementor-widget elementor-widget-portfolio-text-scrolling\" data-id=\"e933ec9\" data-element_type=\"widget\" data-widget_type=\"portfolio-text-scrolling.default\">\n\t\t\t\t<div class=\"elementor-widget-container\">\n\t\t\t\t\t            <div class=\"elementor-scrolling\">\n                <div class=\"elementor-scrolling-wrapper\">\n                                            <div class=\"elementor-scrolling-inner\">\n                                                            <div class=\"elementor-scrolling-item\">\n                                    <div class=\"elementor-scrolling-item-inner\">\n                                                                                                                        <div class=\"scrolling-title elementor-repeater-item-0c29da7\">\n                                                <a href=\"#\"  title=\"Capcover\">                                                Capcover                                                <\/a>                                            <\/div>\n                                                                            <\/div>\n                                <\/div>\n                                                    <\/div>\n                                                <div class=\"elementor-scrolling-inner\">\n                                                            <div class=\"elementor-scrolling-item\">\n                                    <div class=\"elementor-scrolling-item-inner\">\n                                                                                                                        <div class=\"scrolling-title elementor-repeater-item-0c29da7\">\n                                                <a href=\"#\"  title=\"Capcover\">                                                Capcover                                                <\/a>                                            <\/div>\n                                                                            <\/div>\n                                <\/div>\n                                                    <\/div>\n                                                <div class=\"elementor-scrolling-inner\">\n                                                            <div class=\"elementor-scrolling-item\">\n                                    <div class=\"elementor-scrolling-item-inner\">\n                                                                                                                        <div class=\"scrolling-title elementor-repeater-item-0c29da7\">\n                                                <a href=\"#\"  title=\"Capcover\">                                                Capcover                                                <\/a>                                            <\/div>\n                                                                            <\/div>\n                                <\/div>\n                                                    <\/div>\n                                                <div class=\"elementor-scrolling-inner\">\n                                                            <div class=\"elementor-scrolling-item\">\n                                    <div class=\"elementor-scrolling-item-inner\">\n                                                                                                                        <div class=\"scrolling-title elementor-repeater-item-0c29da7\">\n                                                <a href=\"#\"  title=\"Capcover\">                                                Capcover                                                <\/a>                                            <\/div>\n                                                                            <\/div>\n                                <\/div>\n                                                    <\/div>\n                                        <\/div>\n            <\/div>\n            \t\t\t\t<\/div>\n\t\t\t\t<\/div>\n\t\t\t\t<\/div>\n\t\t<div class=\"elementor-element elementor-element-925adea e-flex e-con-boxed e-con e-parent\" data-id=\"925adea\" data-element_type=\"container\" data-settings=\"{&quot;background_background&quot;:&quot;gradient&quot;}\">\n\t\t\t\t\t<div class=\"e-con-inner\">\n\t\t<div class=\"elementor-element elementor-element-cb7c72d e-con-full e-flex elementor-invisible e-con e-child\" data-id=\"cb7c72d\" data-element_type=\"container\" data-settings=\"{&quot;animation&quot;:&quot;fadeInLeft&quot;}\">\n\t\t\t\t<div class=\"elementor-element elementor-element-cef8212 elementor-widget__width-initial elementor-absolute elementor-view-default elementor-position-top elementor-mobile-position-top elementor-invisible elementor-widget elementor-widget-icon-box\" data-id=\"cef8212\" data-element_type=\"widget\" data-settings=\"{&quot;_position&quot;:&quot;absolute&quot;,&quot;_animation&quot;:&quot;fadeIn&quot;,&quot;_animation_delay&quot;:300}\" data-widget_type=\"icon-box.default\">\n\t\t\t\t<div class=\"elementor-widget-container\">\n\t\t\t\t\t    \t\t<div class=\"elementor-icon-box-wrapper\">\n    \t\t\t    \t\t\t<div class=\"elementor-icon-box-icon\">\n    \t\t\t\t<span class=\"elementor-icon elementor-animation-\" >\n    \t\t\t\t<i aria-hidden=\"true\" class=\"industras-icon- industras-icon-badge1\"><\/i>\n\n\n\n    \t\t\t\t<\/span>\n\n    \t\t\t<\/div>\n    \t\t\t    \t\t\t<div class=\"elementor-icon-box-content\">\n    \t\t\t\t<h3 class=\"elementor-icon-box-title\">\n    \t\t\t\t\t<span  >\n    \t\t\t\t\t\t28+    \t\t\t\t\t<\/span>\n    \t\t\t\t<\/h3>\n    \t\t\t\t    \t\t\t\t\t<p class=\"elementor-icon-box-description\">\n    \t\t\t\t\t\tYears of experience    \t\t\t\t\t<\/p>\n    \t\t\t\t    \t\t\t<\/div>\n\n    \t\t<\/div>\n    \t\t\t\t\t\t<\/div>\n\t\t\t\t<\/div>\n\t\t\t\t<div class=\"elementor-element elementor-element-fd1ac9f elementor-widget elementor-widget-image\" data-id=\"fd1ac9f\" data-element_type=\"widget\" data-widget_type=\"image.default\">\n\t\t\t\t<div class=\"elementor-widget-container\">\n\t\t\t\t\t\t\t\t\t\t\t\t\t\t\t<img fetchpriority=\"high\" decoding=\"async\" width=\"1600\" height=\"1600\" src=\"https:\/\/capcover.tn\/wp-content\/uploads\/2024\/12\/ONE-PIECE-INDUCTION-LINERS-WITH-TABS-FOR-PET-PVC-23MM-HAL-H6_1600x1600.png\" class=\"attachment-full size-full wp-image-7902\" alt=\"Scelleuse d\u2019induction CAPCOVER pour scellage inviolable de r\u00e9cipients.\" srcset=\"https:\/\/capcover.tn\/wp-content\/uploads\/2024\/12\/ONE-PIECE-INDUCTION-LINERS-WITH-TABS-FOR-PET-PVC-23MM-HAL-H6_1600x1600.png 1600w, https:\/\/capcover.tn\/wp-content\/uploads\/2024\/12\/ONE-PIECE-INDUCTION-LINERS-WITH-TABS-FOR-PET-PVC-23MM-HAL-H6_1600x1600-300x300.png 300w, https:\/\/capcover.tn\/wp-content\/uploads\/2024\/12\/ONE-PIECE-INDUCTION-LINERS-WITH-TABS-FOR-PET-PVC-23MM-HAL-H6_1600x1600-1024x1024.png 1024w, https:\/\/capcover.tn\/wp-content\/uploads\/2024\/12\/ONE-PIECE-INDUCTION-LINERS-WITH-TABS-FOR-PET-PVC-23MM-HAL-H6_1600x1600-150x150.png 150w, https:\/\/capcover.tn\/wp-content\/uploads\/2024\/12\/ONE-PIECE-INDUCTION-LINERS-WITH-TABS-FOR-PET-PVC-23MM-HAL-H6_1600x1600-768x768.png 768w, https:\/\/capcover.tn\/wp-content\/uploads\/2024\/12\/ONE-PIECE-INDUCTION-LINERS-WITH-TABS-FOR-PET-PVC-23MM-HAL-H6_1600x1600-1536x1536.png 1536w, https:\/\/capcover.tn\/wp-content\/uploads\/2024\/12\/ONE-PIECE-INDUCTION-LINERS-WITH-TABS-FOR-PET-PVC-23MM-HAL-H6_1600x1600-500x500.png 500w, https:\/\/capcover.tn\/wp-content\/uploads\/2024\/12\/ONE-PIECE-INDUCTION-LINERS-WITH-TABS-FOR-PET-PVC-23MM-HAL-H6_1600x1600-600x600.png 600w, https:\/\/capcover.tn\/wp-content\/uploads\/2024\/12\/ONE-PIECE-INDUCTION-LINERS-WITH-TABS-FOR-PET-PVC-23MM-HAL-H6_1600x1600-1000x1000.png 1000w\" sizes=\"(max-width: 1600px) 100vw, 1600px\" \/>\t\t\t\t\t\t\t\t\t\t\t\t\t\t\t<\/div>\n\t\t\t\t<\/div>\n\t\t\t\t<\/div>\n\t\t<div class=\"elementor-element elementor-element-b5bad50 e-con-full e-flex elementor-invisible e-con e-child\" data-id=\"b5bad50\" data-element_type=\"container\" data-settings=\"{&quot;animation&quot;:&quot;fadeInRight&quot;}\">\n\t\t\t\t<div class=\"elementor-element elementor-element-37147ef elementor-mobile-align-center elementor-icon-list--layout-traditional elementor-list-item-link-full_width elementor-widget elementor-widget-icon-list\" data-id=\"37147ef\" data-element_type=\"widget\" data-widget_type=\"icon-list.default\">\n\t\t\t\t<div class=\"elementor-widget-container\">\n\t\t\t\t\t\t\t<ul class=\"elementor-icon-list-items\">\n\t\t\t\t\t\t\t<li class=\"elementor-icon-list-item\">\n\t\t\t\t\t\t\t\t\t\t\t<span class=\"elementor-icon-list-icon\">\n\t\t\t\t\t\t\t<i aria-hidden=\"true\" class=\"industras-icon- industras-icon-circle-o\"><\/i>\t\t\t\t\t\t<\/span>\n\t\t\t\t\t\t\t\t\t\t<span class=\"elementor-icon-list-text\">About capcover<\/span>\n\t\t\t\t\t\t\t\t\t<\/li>\n\t\t\t\t\t\t<\/ul>\n\t\t\t\t\t\t<\/div>\n\t\t\t\t<\/div>\n\t\t\t\t<div class=\"elementor-element elementor-element-25316d4 elementor-widget__width-initial elementor-widget elementor-widget-heading\" data-id=\"25316d4\" data-element_type=\"widget\" data-widget_type=\"heading.default\">\n\t\t\t\t<div class=\"elementor-widget-container\">\n\t\t\t\t\t<h2 class=\"elementor-heading-title elementor-size-default\">CAPCOVER PRESENTATION<\/h2>\t\t\t\t<\/div>\n\t\t\t\t<\/div>\n\t\t\t\t<div class=\"elementor-element elementor-element-2d2c5c7 elementor-widget-divider--view-line elementor-widget elementor-widget-divider\" data-id=\"2d2c5c7\" data-element_type=\"widget\" data-widget_type=\"divider.default\">\n\t\t\t\t<div class=\"elementor-widget-container\">\n\t\t\t\t\t\t\t<div class=\"elementor-divider\">\n\t\t\t<span class=\"elementor-divider-separator\">\n\t\t\t\t\t\t<\/span>\n\t\t<\/div>\n\t\t\t\t\t\t<\/div>\n\t\t\t\t<\/div>\n\t\t<div class=\"elementor-element elementor-element-53ea32b e-con-full e-flex e-con e-child\" data-id=\"53ea32b\" data-element_type=\"container\">\n\t\t\t\t<div class=\"elementor-element elementor-element-e43ef93 elementor-widget__width-initial elementor-widget elementor-widget-text-editor\" data-id=\"e43ef93\" data-element_type=\"widget\" data-widget_type=\"text-editor.default\">\n\t\t\t\t<div class=\"elementor-widget-container\">\n\t\t\t\t\t\t\t\t\t<p><strong>CAPCOVER<\/strong>\u00a0It offers a variety of solutions that can be tailored to meet the evolving needs of each client. CAPCOVER collaborates with the best sealing equipment manufacturers to provide top-quality products at very competitive prices.<\/p>\t\t\t\t\t\t\t\t<\/div>\n\t\t\t\t<\/div>\n\t\t\t\t<div class=\"elementor-element elementor-element-a358342 elementor-widget__width-initial elementor-widget elementor-widget-text-editor\" data-id=\"a358342\" data-element_type=\"widget\" data-widget_type=\"text-editor.default\">\n\t\t\t\t<div class=\"elementor-widget-container\">\n\t\t\t\t\t\t\t\t\t<p>In addition, CAPCOVER has induction sealing technology. The company offers a catalog of induction sealers that meet all sealing requirements for containers. From manual sealers suited for small-scale productions to automatic sealers for large production lines.<\/p>\t\t\t\t\t\t\t\t<\/div>\n\t\t\t\t<\/div>\n\t\t\t\t<div class=\"elementor-element elementor-element-9692f4c elementor-widget__width-initial elementor-widget elementor-widget-text-editor\" data-id=\"9692f4c\" data-element_type=\"widget\" data-widget_type=\"text-editor.default\">\n\t\t\t\t<div class=\"elementor-widget-container\">\n\t\t\t\t\t\t\t\t\t<p>Induction seals or discs are essential consumables for induction sealing. CAPCOVER offers a wide range of induction discs: printed, customized, easy-open, with or without tabs.<\/p>\t\t\t\t\t\t\t\t<\/div>\n\t\t\t\t<\/div>\n\t\t\t\t<div class=\"elementor-element elementor-element-7f7ba48 elementor-widget__width-initial elementor-widget elementor-widget-text-editor\" data-id=\"7f7ba48\" data-element_type=\"widget\" data-widget_type=\"text-editor.default\">\n\t\t\t\t<div class=\"elementor-widget-container\">\n\t\t\t\t\t\t\t\t\t<p>Induction seals or discs are made of an aluminum foil and a layer of polymer compatible with the material of the container to be sealed.<\/p>\t\t\t\t\t\t\t\t<\/div>\n\t\t\t\t<\/div>\n\t\t\t\t<\/div>\n\t\t\t\t<\/div>\n\t\t\t\t<div class=\"elementor-element elementor-element-f25bec1 elementor-absolute elementor-invisible elementor-widget elementor-widget-image\" data-id=\"f25bec1\" data-element_type=\"widget\" data-settings=\"{&quot;_position&quot;:&quot;absolute&quot;,&quot;_animation&quot;:&quot;fadeInRight&quot;,&quot;_animation_delay&quot;:200}\" data-widget_type=\"image.default\">\n\t\t\t\t<div class=\"elementor-widget-container\">\n\t\t\t\t\t\t\t\t\t\t\t\t\t\t\t<img decoding=\"async\" width=\"787\" height=\"196\" src=\"https:\/\/capcover.tn\/wp-content\/uploads\/2024\/07\/h2-png-1.png\" class=\"attachment-full size-full wp-image-3130\" alt=\"\" srcset=\"https:\/\/capcover.tn\/wp-content\/uploads\/2024\/07\/h2-png-1.png 787w, https:\/\/capcover.tn\/wp-content\/uploads\/2024\/07\/h2-png-1-300x75.png 300w, https:\/\/capcover.tn\/wp-content\/uploads\/2024\/07\/h2-png-1-768x191.png 768w, https:\/\/capcover.tn\/wp-content\/uploads\/2024\/07\/h2-png-1-770x192.png 770w, https:\/\/capcover.tn\/wp-content\/uploads\/2024\/07\/h2-png-1-600x149.png 600w\" sizes=\"(max-width: 787px) 100vw, 787px\" \/>\t\t\t\t\t\t\t\t\t\t\t\t\t\t\t<\/div>\n\t\t\t\t<\/div>\n\t\t\t\t\t<\/div>\n\t\t\t\t<\/div>\n\t\t<div class=\"elementor-element elementor-element-73f1bf4 e-flex e-con-boxed e-con e-parent\" data-id=\"73f1bf4\" data-element_type=\"container\">\n\t\t\t\t\t<div class=\"e-con-inner\">\n\t\t\t\t<div class=\"elementor-element elementor-element-e97c56e elementor-widget elementor-widget-text-editor\" data-id=\"e97c56e\" data-element_type=\"widget\" data-widget_type=\"text-editor.default\">\n\t\t\t\t<div class=\"elementor-widget-container\">\n\t\t\t\t\t\t\t\t\t<p>The sealing process for this type of disc is very simple. First, it is important to ensure that the container lid is provided with the seal properly placed inside. Once the containers are closed with their lid, they can then be sealed by induction. The sealer generates an electromagnetic field \u2013 with very low heat levels \u2013 on the aluminum, which, when heated, melts the polymer that completely bonds to the container\u2019s rim, creating an tamper-evident seal.<\/p><p>These discs come from sealing materials designed to prevent leaks and provide a strong seal for a wide range of closures and containers across various industries. This sealing material can be printed and even customized with a message or logo, and delivered as seals according to the client's needs.<\/p><p>The seals or discs are available in a wide range of applications: in various materials, different sizes, and with multiple types and sizes of tabs.<\/p>\t\t\t\t\t\t\t\t<\/div>\n\t\t\t\t<\/div>\n\t\t\t\t\t<\/div>\n\t\t\t\t<\/div>\n\t\t\t\t<\/div>","protected":false},"excerpt":{"rendered":"<p>Capcover Capcover Capcover Capcover 28+ Des ann\u00e9es d&#8217;exp\u00e9rience A propos capcover PRESENTATION CAPCOVER CAPCOVER\u00a0dispose d&#8217;une vari\u00e9t\u00e9 de solutions qui peuvent \u00eatre adapt\u00e9es au fur et \u00e0 mesure des n\u00e9cessit\u00e9s de chaque client. CAPCOVER collabore avec les meilleurs fabricants de mat\u00e9riel de scellage pour offrir les meilleurs produits \u00e0 des prix tr\u00e8s comp\u00e9titifs. En outre CAPCOVER\u00a0dispose [&hellip;]<\/p>","protected":false},"author":1,"featured_media":0,"parent":0,"menu_order":0,"comment_status":"closed","ping_status":"closed","template":"","meta":{"inline_featured_image":false,"footnotes":""},"class_list":["post-57","page","type-page","status-publish","hentry"],"yoast_head":"<!-- This site is optimized with the Yoast SEO Premium plugin v24.2 (Yoast SEO v24.2) - https:\/\/yoast.com\/wordpress\/plugins\/seo\/ -->\n<title>A propos - Capcover<\/title>\n<meta name=\"robots\" content=\"index, follow, max-snippet:-1, max-image-preview:large, max-video-preview:-1\" \/>\n<link rel=\"canonical\" href=\"https:\/\/capcover.tn\/en\/apropos\/\" \/>\n<meta property=\"og:locale\" content=\"en_GB\" \/>\n<meta property=\"og:type\" content=\"article\" \/>\n<meta property=\"og:title\" content=\"A propos\" \/>\n<meta property=\"og:description\" content=\"Capcover Capcover Capcover Capcover 28+ Des ann\u00e9es d&#8217;exp\u00e9rience A propos capcover PRESENTATION CAPCOVER CAPCOVER\u00a0dispose d&#8217;une vari\u00e9t\u00e9 de solutions qui peuvent \u00eatre adapt\u00e9es au fur et \u00e0 mesure des n\u00e9cessit\u00e9s de chaque client. CAPCOVER collabore avec les meilleurs fabricants de mat\u00e9riel de scellage pour offrir les meilleurs produits \u00e0 des prix tr\u00e8s comp\u00e9titifs. En outre CAPCOVER\u00a0dispose [&hellip;]\" \/>\n<meta property=\"og:url\" content=\"https:\/\/capcover.tn\/en\/apropos\/\" \/>\n<meta property=\"og:site_name\" content=\"Capcover\" \/>\n<meta property=\"article:modified_time\" content=\"2025-04-14T15:50:28+00:00\" \/>\n<meta property=\"og:image\" content=\"https:\/\/capcover.tn\/wp-content\/uploads\/2024\/12\/ONE-PIECE-INDUCTION-LINERS-WITH-TABS-FOR-PET-PVC-23MM-HAL-H6_1600x1600.png\" \/>\n<meta name=\"twitter:card\" content=\"summary_large_image\" \/>\n<meta name=\"twitter:label1\" content=\"Estimated reading time\" \/>\n\t<meta name=\"twitter:data1\" content=\"3 minutes\" \/>\n<script type=\"application\/ld+json\" class=\"yoast-schema-graph\">{\"@context\":\"https:\/\/schema.org\",\"@graph\":[{\"@type\":\"WebPage\",\"@id\":\"https:\/\/capcover.tn\/apropos\/\",\"url\":\"https:\/\/capcover.tn\/apropos\/\",\"name\":\"A propos - Capcover\",\"isPartOf\":{\"@id\":\"https:\/\/capcover.tn\/en\/#website\"},\"primaryImageOfPage\":{\"@id\":\"https:\/\/capcover.tn\/apropos\/#primaryimage\"},\"image\":{\"@id\":\"https:\/\/capcover.tn\/apropos\/#primaryimage\"},\"thumbnailUrl\":\"https:\/\/capcover.tn\/wp-content\/uploads\/2024\/12\/ONE-PIECE-INDUCTION-LINERS-WITH-TABS-FOR-PET-PVC-23MM-HAL-H6_1600x1600.png\",\"datePublished\":\"2024-07-15T03:44:17+00:00\",\"dateModified\":\"2025-04-14T15:50:28+00:00\",\"breadcrumb\":{\"@id\":\"https:\/\/capcover.tn\/apropos\/#breadcrumb\"},\"inLanguage\":\"en-GB\",\"potentialAction\":[{\"@type\":\"ReadAction\",\"target\":[\"https:\/\/capcover.tn\/apropos\/\"]}]},{\"@type\":\"ImageObject\",\"inLanguage\":\"en-GB\",\"@id\":\"https:\/\/capcover.tn\/apropos\/#primaryimage\",\"url\":\"https:\/\/capcover.tn\/wp-content\/uploads\/2024\/12\/ONE-PIECE-INDUCTION-LINERS-WITH-TABS-FOR-PET-PVC-23MM-HAL-H6_1600x1600.png\",\"contentUrl\":\"https:\/\/capcover.tn\/wp-content\/uploads\/2024\/12\/ONE-PIECE-INDUCTION-LINERS-WITH-TABS-FOR-PET-PVC-23MM-HAL-H6_1600x1600.png\"},{\"@type\":\"BreadcrumbList\",\"@id\":\"https:\/\/capcover.tn\/apropos\/#breadcrumb\",\"itemListElement\":[{\"@type\":\"ListItem\",\"position\":1,\"name\":\"Accueil\",\"item\":\"https:\/\/capcover.tn\/\"},{\"@type\":\"ListItem\",\"position\":2,\"name\":\"A propos\"}]},{\"@type\":\"WebSite\",\"@id\":\"https:\/\/capcover.tn\/en\/#website\",\"url\":\"https:\/\/capcover.tn\/en\/\",\"name\":\"Capcover\",\"description\":\"\",\"publisher\":{\"@id\":\"https:\/\/capcover.tn\/en\/#organization\"},\"potentialAction\":[{\"@type\":\"SearchAction\",\"target\":{\"@type\":\"EntryPoint\",\"urlTemplate\":\"https:\/\/capcover.tn\/en\/?s={search_term_string}\"},\"query-input\":{\"@type\":\"PropertyValueSpecification\",\"valueRequired\":true,\"valueName\":\"search_term_string\"}}],\"inLanguage\":\"en-GB\"},{\"@type\":\"Organization\",\"@id\":\"https:\/\/capcover.tn\/en\/#organization\",\"name\":\"Capcover\",\"url\":\"https:\/\/capcover.tn\/en\/\",\"logo\":{\"@type\":\"ImageObject\",\"inLanguage\":\"en-GB\",\"@id\":\"https:\/\/capcover.tn\/en\/#\/schema\/logo\/image\/\",\"url\":\"https:\/\/capcover.tn\/wp-content\/uploads\/2024\/07\/Fichier-1.png\",\"contentUrl\":\"https:\/\/capcover.tn\/wp-content\/uploads\/2024\/07\/Fichier-1.png\",\"width\":276,\"height\":54,\"caption\":\"Capcover\"},\"image\":{\"@id\":\"https:\/\/capcover.tn\/en\/#\/schema\/logo\/image\/\"}}]}<\/script>\n<!-- \/ Yoast SEO Premium plugin. -->","yoast_head_json":{"title":"A propos - Capcover","robots":{"index":"index","follow":"follow","max-snippet":"max-snippet:-1","max-image-preview":"max-image-preview:large","max-video-preview":"max-video-preview:-1"},"canonical":"https:\/\/capcover.tn\/en\/apropos\/","og_locale":"en_GB","og_type":"article","og_title":"A propos","og_description":"Capcover Capcover Capcover Capcover 28+ Des ann\u00e9es d&#8217;exp\u00e9rience A propos capcover PRESENTATION CAPCOVER CAPCOVER\u00a0dispose d&#8217;une vari\u00e9t\u00e9 de solutions qui peuvent \u00eatre adapt\u00e9es au fur et \u00e0 mesure des n\u00e9cessit\u00e9s de chaque client. CAPCOVER collabore avec les meilleurs fabricants de mat\u00e9riel de scellage pour offrir les meilleurs produits \u00e0 des prix tr\u00e8s comp\u00e9titifs. En outre CAPCOVER\u00a0dispose [&hellip;]","og_url":"https:\/\/capcover.tn\/en\/apropos\/","og_site_name":"Capcover","article_modified_time":"2025-04-14T15:50:28+00:00","og_image":[{"url":"https:\/\/capcover.tn\/wp-content\/uploads\/2024\/12\/ONE-PIECE-INDUCTION-LINERS-WITH-TABS-FOR-PET-PVC-23MM-HAL-H6_1600x1600.png","type":"","width":"","height":""}],"twitter_card":"summary_large_image","twitter_misc":{"Estimated reading time":"3 minutes"},"schema":{"@context":"https:\/\/schema.org","@graph":[{"@type":"WebPage","@id":"https:\/\/capcover.tn\/apropos\/","url":"https:\/\/capcover.tn\/apropos\/","name":"A propos - Capcover","isPartOf":{"@id":"https:\/\/capcover.tn\/en\/#website"},"primaryImageOfPage":{"@id":"https:\/\/capcover.tn\/apropos\/#primaryimage"},"image":{"@id":"https:\/\/capcover.tn\/apropos\/#primaryimage"},"thumbnailUrl":"https:\/\/capcover.tn\/wp-content\/uploads\/2024\/12\/ONE-PIECE-INDUCTION-LINERS-WITH-TABS-FOR-PET-PVC-23MM-HAL-H6_1600x1600.png","datePublished":"2024-07-15T03:44:17+00:00","dateModified":"2025-04-14T15:50:28+00:00","breadcrumb":{"@id":"https:\/\/capcover.tn\/apropos\/#breadcrumb"},"inLanguage":"en-GB","potentialAction":[{"@type":"ReadAction","target":["https:\/\/capcover.tn\/apropos\/"]}]},{"@type":"ImageObject","inLanguage":"en-GB","@id":"https:\/\/capcover.tn\/apropos\/#primaryimage","url":"https:\/\/capcover.tn\/wp-content\/uploads\/2024\/12\/ONE-PIECE-INDUCTION-LINERS-WITH-TABS-FOR-PET-PVC-23MM-HAL-H6_1600x1600.png","contentUrl":"https:\/\/capcover.tn\/wp-content\/uploads\/2024\/12\/ONE-PIECE-INDUCTION-LINERS-WITH-TABS-FOR-PET-PVC-23MM-HAL-H6_1600x1600.png"},{"@type":"BreadcrumbList","@id":"https:\/\/capcover.tn\/apropos\/#breadcrumb","itemListElement":[{"@type":"ListItem","position":1,"name":"Accueil","item":"https:\/\/capcover.tn\/"},{"@type":"ListItem","position":2,"name":"A propos"}]},{"@type":"WebSite","@id":"https:\/\/capcover.tn\/en\/#website","url":"https:\/\/capcover.tn\/en\/","name":"Capcover","description":"","publisher":{"@id":"https:\/\/capcover.tn\/en\/#organization"},"potentialAction":[{"@type":"SearchAction","target":{"@type":"EntryPoint","urlTemplate":"https:\/\/capcover.tn\/en\/?s={search_term_string}"},"query-input":{"@type":"PropertyValueSpecification","valueRequired":true,"valueName":"search_term_string"}}],"inLanguage":"en-GB"},{"@type":"Organization","@id":"https:\/\/capcover.tn\/en\/#organization","name":"Capcover","url":"https:\/\/capcover.tn\/en\/","logo":{"@type":"ImageObject","inLanguage":"en-GB","@id":"https:\/\/capcover.tn\/en\/#\/schema\/logo\/image\/","url":"https:\/\/capcover.tn\/wp-content\/uploads\/2024\/07\/Fichier-1.png","contentUrl":"https:\/\/capcover.tn\/wp-content\/uploads\/2024\/07\/Fichier-1.png","width":276,"height":54,"caption":"Capcover"},"image":{"@id":"https:\/\/capcover.tn\/en\/#\/schema\/logo\/image\/"}}]}},"_links":{"self":[{"href":"https:\/\/capcover.tn\/en\/wp-json\/wp\/v2\/pages\/57","targetHints":{"allow":["GET"]}}],"collection":[{"href":"https:\/\/capcover.tn\/en\/wp-json\/wp\/v2\/pages"}],"about":[{"href":"https:\/\/capcover.tn\/en\/wp-json\/wp\/v2\/types\/page"}],"author":[{"embeddable":true,"href":"https:\/\/capcover.tn\/en\/wp-json\/wp\/v2\/users\/1"}],"replies":[{"embeddable":true,"href":"https:\/\/capcover.tn\/en\/wp-json\/wp\/v2\/comments?post=57"}],"version-history":[{"count":104,"href":"https:\/\/capcover.tn\/en\/wp-json\/wp\/v2\/pages\/57\/revisions"}],"predecessor-version":[{"id":9878,"href":"https:\/\/capcover.tn\/en\/wp-json\/wp\/v2\/pages\/57\/revisions\/9878"}],"wp:attachment":[{"href":"https:\/\/capcover.tn\/en\/wp-json\/wp\/v2\/media?parent=57"}],"curies":[{"name":"wp","href":"https:\/\/api.w.org\/{rel}","templated":true}]}}