{"id":9494,"date":"2025-01-07T10:41:51","date_gmt":"2025-01-07T09:41:51","guid":{"rendered":"https:\/\/capcover.tn\/?post_type=product&#038;p=9494"},"modified":"2025-01-10T11:19:53","modified_gmt":"2025-01-10T10:19:53","slug":"inducover-hdpe","status":"publish","type":"product","link":"https:\/\/capcover.tn\/en\/product\/inducover-hdpe\/","title":{"rendered":"2 piece aluminium INDUCOVER HDPE"},"content":{"rendered":"<p class=\"translation-block\">This lid is laminated with a film that provides a breakable seal on PE (Polyethylene) and HDPE containers. It is assembled to a secondary cardboard seal using a layer of wax.<br>\nOnce the container is sealed, the wax is absorbed by the cardboard and the two seals separate so that the cardboard seal can serve as a hermetic seal after the first use of the product.<br>\nThis closure seal is available in two thicknesses 1.0 mm and 0.6 mm, and whatever the desired diameter,<\/p>","protected":false},"excerpt":{"rendered":"<p class=\"translation-block\">This lid is laminated with a film that provides a breakable seal on PE (Polyethylene) and HDPE containers. It is assembled to a secondary cardboard seal using a layer of wax.<br>\nOnce the container is sealed, the wax is absorbed by the cardboard and the two seals separate so that the cardboard seal can serve as a hermetic seal after the first use of the product.<br>\nThis closure seal is available in two thicknesses 1.0 mm and 0.6 mm, and whatever the desired diameter,<\/p>","protected":false},"featured_media":9496,"template":"","meta":{"inline_featured_image":false},"product_cat":[83],"product_tag":[],"class_list":{"0":"post-9494","1":"product","2":"type-product","3":"status-publish","4":"has-post-thumbnail","6":"product_cat-opercule-2-pieces","8":"first","9":"instock","10":"shipping-taxable","11":"product-type-simple"},"yoast_head":"<!-- This site is optimized with the Yoast SEO Premium plugin v24.2 (Yoast SEO v24.2) - https:\/\/yoast.com\/wordpress\/plugins\/seo\/ -->\n<title>Opercule de 2 pi\u00e8ces INDUCOVER HDPE - Capcover<\/title>\n<meta name=\"robots\" content=\"index, follow, max-snippet:-1, max-image-preview:large, max-video-preview:-1\" \/>\n<link rel=\"canonical\" href=\"https:\/\/capcover.tn\/en\/product\/inducover-hdpe\/\" \/>\n<meta property=\"og:locale\" content=\"en_GB\" \/>\n<meta property=\"og:type\" content=\"article\" \/>\n<meta property=\"og:title\" content=\"Opercule de 2 pi\u00e8ces INDUCOVER HDPE\" \/>\n<meta property=\"og:description\" content=\"Cet opercule est lamin\u00e9 d\u2019un film offrant un scellage pouvant \u00eatre rompu sur des r\u00e9cipients en PE (Poly\u00e9thyl\u00e8ne)et HDPE. Il est assembl\u00e9 \u00e0 un joint secondaire en carton gr\u00e2ce \u00e0 une couche de cire. Une fois le r\u00e9cipient scell\u00e9, la cire est absorb\u00e9e par le carton et les deux joints se s\u00e9parent de sorte que le joint en carton puisse servir de joint herm\u00e9tique apr\u00e8s la premi\u00e8re utilisation du produit. Ce joint de fermeture est disponible en deux \u00e9paisseurs 1.0 mm et 0.6 mm, et quel que soit le diam\u00e8tre souhait\u00e9,\" \/>\n<meta property=\"og:url\" content=\"https:\/\/capcover.tn\/en\/product\/inducover-hdpe\/\" \/>\n<meta property=\"og:site_name\" content=\"Capcover\" \/>\n<meta property=\"article:modified_time\" content=\"2025-01-10T10:19:53+00:00\" \/>\n<meta property=\"og:image\" content=\"https:\/\/capcover.tn\/wp-content\/uploads\/2025\/01\/hdpe1.jpeg\" \/>\n\t<meta property=\"og:image:width\" content=\"1067\" \/>\n\t<meta property=\"og:image:height\" content=\"800\" \/>\n\t<meta property=\"og:image:type\" content=\"image\/jpeg\" \/>\n<meta name=\"twitter:card\" content=\"summary_large_image\" \/>\n<meta name=\"twitter:label1\" content=\"Estimated reading time\" \/>\n\t<meta name=\"twitter:data1\" content=\"1 minute\" \/>\n<script type=\"application\/ld+json\" class=\"yoast-schema-graph\">{\"@context\":\"https:\/\/schema.org\",\"@graph\":[{\"@type\":\"WebPage\",\"@id\":\"https:\/\/capcover.tn\/product\/inducover-hdpe\/\",\"url\":\"https:\/\/capcover.tn\/product\/inducover-hdpe\/\",\"name\":\"Opercule de 2 pi\u00e8ces INDUCOVER HDPE - Capcover\",\"isPartOf\":{\"@id\":\"https:\/\/capcover.tn\/en\/#website\"},\"primaryImageOfPage\":{\"@id\":\"https:\/\/capcover.tn\/product\/inducover-hdpe\/#primaryimage\"},\"image\":{\"@id\":\"https:\/\/capcover.tn\/product\/inducover-hdpe\/#primaryimage\"},\"thumbnailUrl\":\"https:\/\/capcover.tn\/wp-content\/uploads\/2025\/01\/hdpe1.jpeg\",\"datePublished\":\"2025-01-07T09:41:51+00:00\",\"dateModified\":\"2025-01-10T10:19:53+00:00\",\"breadcrumb\":{\"@id\":\"https:\/\/capcover.tn\/product\/inducover-hdpe\/#breadcrumb\"},\"inLanguage\":\"en-GB\",\"potentialAction\":[{\"@type\":\"ReadAction\",\"target\":[\"https:\/\/capcover.tn\/product\/inducover-hdpe\/\"]}]},{\"@type\":\"ImageObject\",\"inLanguage\":\"en-GB\",\"@id\":\"https:\/\/capcover.tn\/product\/inducover-hdpe\/#primaryimage\",\"url\":\"https:\/\/capcover.tn\/wp-content\/uploads\/2025\/01\/hdpe1.jpeg\",\"contentUrl\":\"https:\/\/capcover.tn\/wp-content\/uploads\/2025\/01\/hdpe1.jpeg\",\"width\":1067,\"height\":800},{\"@type\":\"BreadcrumbList\",\"@id\":\"https:\/\/capcover.tn\/product\/inducover-hdpe\/#breadcrumb\",\"itemListElement\":[{\"@type\":\"ListItem\",\"position\":1,\"name\":\"Accueil\",\"item\":\"https:\/\/capcover.tn\/\"},{\"@type\":\"ListItem\",\"position\":2,\"name\":\"Nos produits\",\"item\":\"https:\/\/capcover.tn\/shop\/\"},{\"@type\":\"ListItem\",\"position\":3,\"name\":\"Opercule de 2 pi\u00e8ces INDUCOVER HDPE\"}]},{\"@type\":\"WebSite\",\"@id\":\"https:\/\/capcover.tn\/en\/#website\",\"url\":\"https:\/\/capcover.tn\/en\/\",\"name\":\"Capcover\",\"description\":\"\",\"publisher\":{\"@id\":\"https:\/\/capcover.tn\/en\/#organization\"},\"potentialAction\":[{\"@type\":\"SearchAction\",\"target\":{\"@type\":\"EntryPoint\",\"urlTemplate\":\"https:\/\/capcover.tn\/en\/?s={search_term_string}\"},\"query-input\":{\"@type\":\"PropertyValueSpecification\",\"valueRequired\":true,\"valueName\":\"search_term_string\"}}],\"inLanguage\":\"en-GB\"},{\"@type\":\"Organization\",\"@id\":\"https:\/\/capcover.tn\/en\/#organization\",\"name\":\"Capcover\",\"url\":\"https:\/\/capcover.tn\/en\/\",\"logo\":{\"@type\":\"ImageObject\",\"inLanguage\":\"en-GB\",\"@id\":\"https:\/\/capcover.tn\/en\/#\/schema\/logo\/image\/\",\"url\":\"https:\/\/capcover.tn\/wp-content\/uploads\/2024\/07\/Fichier-1.png\",\"contentUrl\":\"https:\/\/capcover.tn\/wp-content\/uploads\/2024\/07\/Fichier-1.png\",\"width\":276,\"height\":54,\"caption\":\"Capcover\"},\"image\":{\"@id\":\"https:\/\/capcover.tn\/en\/#\/schema\/logo\/image\/\"}}]}<\/script>\n<!-- \/ Yoast SEO Premium plugin. -->","yoast_head_json":{"title":"Opercule de 2 pi\u00e8ces INDUCOVER HDPE - Capcover","robots":{"index":"index","follow":"follow","max-snippet":"max-snippet:-1","max-image-preview":"max-image-preview:large","max-video-preview":"max-video-preview:-1"},"canonical":"https:\/\/capcover.tn\/en\/product\/inducover-hdpe\/","og_locale":"en_GB","og_type":"article","og_title":"Opercule de 2 pi\u00e8ces INDUCOVER HDPE","og_description":"Cet opercule est lamin\u00e9 d\u2019un film offrant un scellage pouvant \u00eatre rompu sur des r\u00e9cipients en PE (Poly\u00e9thyl\u00e8ne)et HDPE. Il est assembl\u00e9 \u00e0 un joint secondaire en carton gr\u00e2ce \u00e0 une couche de cire. Une fois le r\u00e9cipient scell\u00e9, la cire est absorb\u00e9e par le carton et les deux joints se s\u00e9parent de sorte que le joint en carton puisse servir de joint herm\u00e9tique apr\u00e8s la premi\u00e8re utilisation du produit. Ce joint de fermeture est disponible en deux \u00e9paisseurs 1.0 mm et 0.6 mm, et quel que soit le diam\u00e8tre souhait\u00e9,","og_url":"https:\/\/capcover.tn\/en\/product\/inducover-hdpe\/","og_site_name":"Capcover","article_modified_time":"2025-01-10T10:19:53+00:00","og_image":[{"width":1067,"height":800,"url":"https:\/\/capcover.tn\/wp-content\/uploads\/2025\/01\/hdpe1.jpeg","type":"image\/jpeg"}],"twitter_card":"summary_large_image","twitter_misc":{"Estimated reading time":"1 minute"},"schema":{"@context":"https:\/\/schema.org","@graph":[{"@type":"WebPage","@id":"https:\/\/capcover.tn\/product\/inducover-hdpe\/","url":"https:\/\/capcover.tn\/product\/inducover-hdpe\/","name":"Opercule de 2 pi\u00e8ces INDUCOVER HDPE - Capcover","isPartOf":{"@id":"https:\/\/capcover.tn\/en\/#website"},"primaryImageOfPage":{"@id":"https:\/\/capcover.tn\/product\/inducover-hdpe\/#primaryimage"},"image":{"@id":"https:\/\/capcover.tn\/product\/inducover-hdpe\/#primaryimage"},"thumbnailUrl":"https:\/\/capcover.tn\/wp-content\/uploads\/2025\/01\/hdpe1.jpeg","datePublished":"2025-01-07T09:41:51+00:00","dateModified":"2025-01-10T10:19:53+00:00","breadcrumb":{"@id":"https:\/\/capcover.tn\/product\/inducover-hdpe\/#breadcrumb"},"inLanguage":"en-GB","potentialAction":[{"@type":"ReadAction","target":["https:\/\/capcover.tn\/product\/inducover-hdpe\/"]}]},{"@type":"ImageObject","inLanguage":"en-GB","@id":"https:\/\/capcover.tn\/product\/inducover-hdpe\/#primaryimage","url":"https:\/\/capcover.tn\/wp-content\/uploads\/2025\/01\/hdpe1.jpeg","contentUrl":"https:\/\/capcover.tn\/wp-content\/uploads\/2025\/01\/hdpe1.jpeg","width":1067,"height":800},{"@type":"BreadcrumbList","@id":"https:\/\/capcover.tn\/product\/inducover-hdpe\/#breadcrumb","itemListElement":[{"@type":"ListItem","position":1,"name":"Accueil","item":"https:\/\/capcover.tn\/"},{"@type":"ListItem","position":2,"name":"Nos produits","item":"https:\/\/capcover.tn\/shop\/"},{"@type":"ListItem","position":3,"name":"Opercule de 2 pi\u00e8ces INDUCOVER HDPE"}]},{"@type":"WebSite","@id":"https:\/\/capcover.tn\/en\/#website","url":"https:\/\/capcover.tn\/en\/","name":"Capcover","description":"","publisher":{"@id":"https:\/\/capcover.tn\/en\/#organization"},"potentialAction":[{"@type":"SearchAction","target":{"@type":"EntryPoint","urlTemplate":"https:\/\/capcover.tn\/en\/?s={search_term_string}"},"query-input":{"@type":"PropertyValueSpecification","valueRequired":true,"valueName":"search_term_string"}}],"inLanguage":"en-GB"},{"@type":"Organization","@id":"https:\/\/capcover.tn\/en\/#organization","name":"Capcover","url":"https:\/\/capcover.tn\/en\/","logo":{"@type":"ImageObject","inLanguage":"en-GB","@id":"https:\/\/capcover.tn\/en\/#\/schema\/logo\/image\/","url":"https:\/\/capcover.tn\/wp-content\/uploads\/2024\/07\/Fichier-1.png","contentUrl":"https:\/\/capcover.tn\/wp-content\/uploads\/2024\/07\/Fichier-1.png","width":276,"height":54,"caption":"Capcover"},"image":{"@id":"https:\/\/capcover.tn\/en\/#\/schema\/logo\/image\/"}}]}},"_links":{"self":[{"href":"https:\/\/capcover.tn\/en\/wp-json\/wp\/v2\/product\/9494","targetHints":{"allow":["GET"]}}],"collection":[{"href":"https:\/\/capcover.tn\/en\/wp-json\/wp\/v2\/product"}],"about":[{"href":"https:\/\/capcover.tn\/en\/wp-json\/wp\/v2\/types\/product"}],"wp:featuredmedia":[{"embeddable":true,"href":"https:\/\/capcover.tn\/en\/wp-json\/wp\/v2\/media\/9496"}],"wp:attachment":[{"href":"https:\/\/capcover.tn\/en\/wp-json\/wp\/v2\/media?parent=9494"}],"wp:term":[{"taxonomy":"product_cat","embeddable":true,"href":"https:\/\/capcover.tn\/en\/wp-json\/wp\/v2\/product_cat?post=9494"},{"taxonomy":"product_tag","embeddable":true,"href":"https:\/\/capcover.tn\/en\/wp-json\/wp\/v2\/product_tag?post=9494"}],"curies":[{"name":"wp","href":"https:\/\/api.w.org\/{rel}","templated":true}]}}