{"id":9510,"date":"2025-01-07T10:54:36","date_gmt":"2025-01-07T09:54:36","guid":{"rendered":"https:\/\/capcover.tn\/?post_type=product&#038;p=9510"},"modified":"2025-01-10T11:20:41","modified_gmt":"2025-01-10T10:20:41","slug":"induliner-pet","status":"publish","type":"product","link":"https:\/\/capcover.tn\/en\/product\/induliner-pet\/","title":{"rendered":"1 piece aluminium INDULINER PET"},"content":{"rendered":"<p class=\"translation-block\">This lid is laminated with a PET film that guarantees a peelable seal on PVC or PET containers.<br>\nThis seal is available in thicknesses of 0.4 mm. The visible part of the lid is white, with the possibility of standard printing or any other printing that the customer would require.<br>\nThe shape of this lid can be completely round, or it can contain one or more tabs that facilitate opening. We can also manufacture geometries that adapt to special containers.<\/p>","protected":false},"excerpt":{"rendered":"<p class=\"translation-block\">This lid is laminated with a PET film that guarantees a peelable seal on PVC or PET containers.<br>\nThis seal is available in thicknesses of 0.4 mm. The visible part of the lid is white, with the possibility of standard printing or any other printing that the customer would require.<br>\nThe shape of this lid can be completely round, or it can contain one or more tabs that facilitate opening. We can also manufacture geometries that adapt to special containers.<\/p>","protected":false},"featured_media":9511,"template":"","meta":{"inline_featured_image":false},"product_cat":[79],"product_tag":[],"class_list":{"0":"post-9510","1":"product","2":"type-product","3":"status-publish","4":"has-post-thumbnail","6":"product_cat-opercule-1-piece","8":"first","9":"instock","10":"shipping-taxable","11":"product-type-simple"},"yoast_head":"<!-- This site is optimized with the Yoast SEO Premium plugin v24.2 (Yoast SEO v24.2) - https:\/\/yoast.com\/wordpress\/plugins\/seo\/ -->\n<title>Opercule de 1 pi\u00e8ce INDULINER PET - Capcover<\/title>\n<meta name=\"robots\" content=\"index, follow, max-snippet:-1, max-image-preview:large, max-video-preview:-1\" \/>\n<link rel=\"canonical\" href=\"https:\/\/capcover.tn\/en\/product\/induliner-pet\/\" \/>\n<meta property=\"og:locale\" content=\"en_GB\" \/>\n<meta property=\"og:type\" content=\"article\" \/>\n<meta property=\"og:title\" content=\"Opercule de 1 pi\u00e8ce INDULINER PET\" \/>\n<meta property=\"og:description\" content=\"Cet opercule est lamin\u00e9 d\u2019un film PET qui garantit un scellage pelable sur les r\u00e9cipients en PVC ou PET. Ce joint est disponible \u00e9paisseurs de 0.4 mm. La partie visible de l\u2019opercule est de couleur blanche, avec la possibilit\u00e9 de l\u2019 impression standard  ou toute autre impression que le client exigerait. La forme de cet opercule peut \u00eatre compl\u00e8tement ronde, ou il peut contenir une ou plusieurs languettes qui facilitent l\u2019ouverture. Nous pouvons \u00e9galement fabriquer des g\u00e9om\u00e9tries qui s\u2019adaptent \u00e0 des r\u00e9cipients sp\u00e9ciales.\" \/>\n<meta property=\"og:url\" content=\"https:\/\/capcover.tn\/en\/product\/induliner-pet\/\" \/>\n<meta property=\"og:site_name\" content=\"Capcover\" \/>\n<meta property=\"article:modified_time\" content=\"2025-01-10T10:20:41+00:00\" \/>\n<meta property=\"og:image\" content=\"https:\/\/capcover.tn\/wp-content\/uploads\/2025\/01\/Induliner-pet.jpeg\" \/>\n\t<meta property=\"og:image:width\" content=\"1280\" \/>\n\t<meta property=\"og:image:height\" content=\"1280\" \/>\n\t<meta property=\"og:image:type\" content=\"image\/jpeg\" \/>\n<meta name=\"twitter:card\" content=\"summary_large_image\" \/>\n<script type=\"application\/ld+json\" class=\"yoast-schema-graph\">{\"@context\":\"https:\/\/schema.org\",\"@graph\":[{\"@type\":\"WebPage\",\"@id\":\"https:\/\/capcover.tn\/product\/induliner-pet\/\",\"url\":\"https:\/\/capcover.tn\/product\/induliner-pet\/\",\"name\":\"Opercule de 1 pi\u00e8ce INDULINER PET - Capcover\",\"isPartOf\":{\"@id\":\"https:\/\/capcover.tn\/en\/#website\"},\"primaryImageOfPage\":{\"@id\":\"https:\/\/capcover.tn\/product\/induliner-pet\/#primaryimage\"},\"image\":{\"@id\":\"https:\/\/capcover.tn\/product\/induliner-pet\/#primaryimage\"},\"thumbnailUrl\":\"https:\/\/capcover.tn\/wp-content\/uploads\/2025\/01\/Induliner-pet.jpeg\",\"datePublished\":\"2025-01-07T09:54:36+00:00\",\"dateModified\":\"2025-01-10T10:20:41+00:00\",\"breadcrumb\":{\"@id\":\"https:\/\/capcover.tn\/product\/induliner-pet\/#breadcrumb\"},\"inLanguage\":\"en-GB\",\"potentialAction\":[{\"@type\":\"ReadAction\",\"target\":[\"https:\/\/capcover.tn\/product\/induliner-pet\/\"]}]},{\"@type\":\"ImageObject\",\"inLanguage\":\"en-GB\",\"@id\":\"https:\/\/capcover.tn\/product\/induliner-pet\/#primaryimage\",\"url\":\"https:\/\/capcover.tn\/wp-content\/uploads\/2025\/01\/Induliner-pet.jpeg\",\"contentUrl\":\"https:\/\/capcover.tn\/wp-content\/uploads\/2025\/01\/Induliner-pet.jpeg\",\"width\":1280,\"height\":1280},{\"@type\":\"BreadcrumbList\",\"@id\":\"https:\/\/capcover.tn\/product\/induliner-pet\/#breadcrumb\",\"itemListElement\":[{\"@type\":\"ListItem\",\"position\":1,\"name\":\"Accueil\",\"item\":\"https:\/\/capcover.tn\/\"},{\"@type\":\"ListItem\",\"position\":2,\"name\":\"Nos produits\",\"item\":\"https:\/\/capcover.tn\/shop\/\"},{\"@type\":\"ListItem\",\"position\":3,\"name\":\"Opercule de 1 pi\u00e8ce INDULINER PET\"}]},{\"@type\":\"WebSite\",\"@id\":\"https:\/\/capcover.tn\/en\/#website\",\"url\":\"https:\/\/capcover.tn\/en\/\",\"name\":\"Capcover\",\"description\":\"\",\"publisher\":{\"@id\":\"https:\/\/capcover.tn\/en\/#organization\"},\"potentialAction\":[{\"@type\":\"SearchAction\",\"target\":{\"@type\":\"EntryPoint\",\"urlTemplate\":\"https:\/\/capcover.tn\/en\/?s={search_term_string}\"},\"query-input\":{\"@type\":\"PropertyValueSpecification\",\"valueRequired\":true,\"valueName\":\"search_term_string\"}}],\"inLanguage\":\"en-GB\"},{\"@type\":\"Organization\",\"@id\":\"https:\/\/capcover.tn\/en\/#organization\",\"name\":\"Capcover\",\"url\":\"https:\/\/capcover.tn\/en\/\",\"logo\":{\"@type\":\"ImageObject\",\"inLanguage\":\"en-GB\",\"@id\":\"https:\/\/capcover.tn\/en\/#\/schema\/logo\/image\/\",\"url\":\"https:\/\/capcover.tn\/wp-content\/uploads\/2024\/07\/Fichier-1.png\",\"contentUrl\":\"https:\/\/capcover.tn\/wp-content\/uploads\/2024\/07\/Fichier-1.png\",\"width\":276,\"height\":54,\"caption\":\"Capcover\"},\"image\":{\"@id\":\"https:\/\/capcover.tn\/en\/#\/schema\/logo\/image\/\"}}]}<\/script>\n<!-- \/ Yoast SEO Premium plugin. -->","yoast_head_json":{"title":"Opercule de 1 pi\u00e8ce INDULINER PET - Capcover","robots":{"index":"index","follow":"follow","max-snippet":"max-snippet:-1","max-image-preview":"max-image-preview:large","max-video-preview":"max-video-preview:-1"},"canonical":"https:\/\/capcover.tn\/en\/product\/induliner-pet\/","og_locale":"en_GB","og_type":"article","og_title":"Opercule de 1 pi\u00e8ce INDULINER PET","og_description":"Cet opercule est lamin\u00e9 d\u2019un film PET qui garantit un scellage pelable sur les r\u00e9cipients en PVC ou PET. Ce joint est disponible \u00e9paisseurs de 0.4 mm. La partie visible de l\u2019opercule est de couleur blanche, avec la possibilit\u00e9 de l\u2019 impression standard  ou toute autre impression que le client exigerait. La forme de cet opercule peut \u00eatre compl\u00e8tement ronde, ou il peut contenir une ou plusieurs languettes qui facilitent l\u2019ouverture. Nous pouvons \u00e9galement fabriquer des g\u00e9om\u00e9tries qui s\u2019adaptent \u00e0 des r\u00e9cipients sp\u00e9ciales.","og_url":"https:\/\/capcover.tn\/en\/product\/induliner-pet\/","og_site_name":"Capcover","article_modified_time":"2025-01-10T10:20:41+00:00","og_image":[{"width":1280,"height":1280,"url":"https:\/\/capcover.tn\/wp-content\/uploads\/2025\/01\/Induliner-pet.jpeg","type":"image\/jpeg"}],"twitter_card":"summary_large_image","schema":{"@context":"https:\/\/schema.org","@graph":[{"@type":"WebPage","@id":"https:\/\/capcover.tn\/product\/induliner-pet\/","url":"https:\/\/capcover.tn\/product\/induliner-pet\/","name":"Opercule de 1 pi\u00e8ce INDULINER PET - Capcover","isPartOf":{"@id":"https:\/\/capcover.tn\/en\/#website"},"primaryImageOfPage":{"@id":"https:\/\/capcover.tn\/product\/induliner-pet\/#primaryimage"},"image":{"@id":"https:\/\/capcover.tn\/product\/induliner-pet\/#primaryimage"},"thumbnailUrl":"https:\/\/capcover.tn\/wp-content\/uploads\/2025\/01\/Induliner-pet.jpeg","datePublished":"2025-01-07T09:54:36+00:00","dateModified":"2025-01-10T10:20:41+00:00","breadcrumb":{"@id":"https:\/\/capcover.tn\/product\/induliner-pet\/#breadcrumb"},"inLanguage":"en-GB","potentialAction":[{"@type":"ReadAction","target":["https:\/\/capcover.tn\/product\/induliner-pet\/"]}]},{"@type":"ImageObject","inLanguage":"en-GB","@id":"https:\/\/capcover.tn\/product\/induliner-pet\/#primaryimage","url":"https:\/\/capcover.tn\/wp-content\/uploads\/2025\/01\/Induliner-pet.jpeg","contentUrl":"https:\/\/capcover.tn\/wp-content\/uploads\/2025\/01\/Induliner-pet.jpeg","width":1280,"height":1280},{"@type":"BreadcrumbList","@id":"https:\/\/capcover.tn\/product\/induliner-pet\/#breadcrumb","itemListElement":[{"@type":"ListItem","position":1,"name":"Accueil","item":"https:\/\/capcover.tn\/"},{"@type":"ListItem","position":2,"name":"Nos produits","item":"https:\/\/capcover.tn\/shop\/"},{"@type":"ListItem","position":3,"name":"Opercule de 1 pi\u00e8ce INDULINER PET"}]},{"@type":"WebSite","@id":"https:\/\/capcover.tn\/en\/#website","url":"https:\/\/capcover.tn\/en\/","name":"Capcover","description":"","publisher":{"@id":"https:\/\/capcover.tn\/en\/#organization"},"potentialAction":[{"@type":"SearchAction","target":{"@type":"EntryPoint","urlTemplate":"https:\/\/capcover.tn\/en\/?s={search_term_string}"},"query-input":{"@type":"PropertyValueSpecification","valueRequired":true,"valueName":"search_term_string"}}],"inLanguage":"en-GB"},{"@type":"Organization","@id":"https:\/\/capcover.tn\/en\/#organization","name":"Capcover","url":"https:\/\/capcover.tn\/en\/","logo":{"@type":"ImageObject","inLanguage":"en-GB","@id":"https:\/\/capcover.tn\/en\/#\/schema\/logo\/image\/","url":"https:\/\/capcover.tn\/wp-content\/uploads\/2024\/07\/Fichier-1.png","contentUrl":"https:\/\/capcover.tn\/wp-content\/uploads\/2024\/07\/Fichier-1.png","width":276,"height":54,"caption":"Capcover"},"image":{"@id":"https:\/\/capcover.tn\/en\/#\/schema\/logo\/image\/"}}]}},"_links":{"self":[{"href":"https:\/\/capcover.tn\/en\/wp-json\/wp\/v2\/product\/9510","targetHints":{"allow":["GET"]}}],"collection":[{"href":"https:\/\/capcover.tn\/en\/wp-json\/wp\/v2\/product"}],"about":[{"href":"https:\/\/capcover.tn\/en\/wp-json\/wp\/v2\/types\/product"}],"wp:featuredmedia":[{"embeddable":true,"href":"https:\/\/capcover.tn\/en\/wp-json\/wp\/v2\/media\/9511"}],"wp:attachment":[{"href":"https:\/\/capcover.tn\/en\/wp-json\/wp\/v2\/media?parent=9510"}],"wp:term":[{"taxonomy":"product_cat","embeddable":true,"href":"https:\/\/capcover.tn\/en\/wp-json\/wp\/v2\/product_cat?post=9510"},{"taxonomy":"product_tag","embeddable":true,"href":"https:\/\/capcover.tn\/en\/wp-json\/wp\/v2\/product_tag?post=9510"}],"curies":[{"name":"wp","href":"https:\/\/api.w.org\/{rel}","templated":true}]}}