{"id":9516,"date":"2025-01-07T10:58:44","date_gmt":"2025-01-07T09:58:44","guid":{"rendered":"https:\/\/capcover.tn\/?post_type=product&#038;p=9516"},"modified":"2025-04-14T17:50:05","modified_gmt":"2025-04-14T15:50:05","slug":"opercule-personnalise-imprime","status":"publish","type":"product","link":"https:\/\/capcover.tn\/en\/product\/opercule-personnalise-imprime\/","title":{"rendered":"Printed aluminium induction liner"},"content":{"rendered":"<p>Custom lids are an easy-to-implement and economical means of closure. They provide a guarantee of first use and a total barrier to gases and light in the case of aluminum lids. By customizing it, the lid becomes a design element in its own right. It will strengthen the brand image by recalling its logo, sometimes mirroring the cap.<br \/>\nPlusieurs solutions s\u2019offrent \u00e0 vous pour faire de vos opercules personnalis\u00e9s un mod\u00e8le unique :<br \/>\nimpression de votre logo ou texte 1 couleur, sur fond alu, blanc<\/p>","protected":false},"excerpt":{"rendered":"<p>Custom lids are an easy-to-implement and economical means of closure. They provide a guarantee of first use and a total barrier to gases and light in the case of aluminum lids. By customizing it, the lid becomes a design element in its own right. It will strengthen the brand image by recalling its logo, sometimes mirroring the cap.<br \/>\nPlusieurs solutions s\u2019offrent \u00e0 vous pour faire de vos opercules personnalis\u00e9s un mod\u00e8le unique :<br \/>\nimpression de votre logo ou texte 1 couleur, sur fond alu, blanc <\/p>","protected":false},"featured_media":9517,"template":"","meta":{"inline_featured_image":false},"product_cat":[80],"product_tag":[],"class_list":{"0":"post-9516","1":"product","2":"type-product","3":"status-publish","4":"has-post-thumbnail","6":"product_cat-opercule-personnalise-imprime","8":"first","9":"instock","10":"shipping-taxable","11":"product-type-simple"},"yoast_head":"<!-- This site is optimized with the Yoast SEO Premium plugin v24.2 (Yoast SEO v24.2) - https:\/\/yoast.com\/wordpress\/plugins\/seo\/ -->\n<title>Feuilles d\u2019Induction en Aluminium | Capcover<\/title>\n<meta name=\"description\" content=\"D\u00e9couvrez nos feuilles d\u2019induction en aluminium pour un scellage \u00e9tanche et inviolable. Id\u00e9al pour contenants alimentaires, pharmaceutiques et cosm\u00e9tiques.\" \/>\n<meta name=\"robots\" content=\"index, follow, max-snippet:-1, max-image-preview:large, max-video-preview:-1\" \/>\n<link rel=\"canonical\" href=\"https:\/\/capcover.tn\/en\/product\/opercule-personnalise-imprime\/\" \/>\n<meta property=\"og:locale\" content=\"en_GB\" \/>\n<meta property=\"og:type\" content=\"article\" \/>\n<meta property=\"og:title\" content=\"Opercule personnalis\u00e9 imprim\u00e9\" \/>\n<meta property=\"og:description\" content=\"D\u00e9couvrez nos feuilles d\u2019induction en aluminium pour un scellage \u00e9tanche et inviolable. Id\u00e9al pour contenants alimentaires, pharmaceutiques et cosm\u00e9tiques.\" \/>\n<meta property=\"og:url\" content=\"https:\/\/capcover.tn\/en\/product\/opercule-personnalise-imprime\/\" \/>\n<meta property=\"og:site_name\" content=\"Capcover\" \/>\n<meta property=\"article:modified_time\" content=\"2025-04-14T15:50:05+00:00\" \/>\n<meta property=\"og:image\" content=\"https:\/\/capcover.tn\/wp-content\/uploads\/2025\/01\/Opercule-epe.jpeg\" \/>\n\t<meta property=\"og:image:width\" content=\"400\" \/>\n\t<meta property=\"og:image:height\" content=\"393\" \/>\n\t<meta property=\"og:image:type\" content=\"image\/jpeg\" \/>\n<meta name=\"twitter:card\" content=\"summary_large_image\" \/>\n<meta name=\"twitter:label1\" content=\"Estimated reading time\" \/>\n\t<meta name=\"twitter:data1\" content=\"1 minute\" \/>\n<script type=\"application\/ld+json\" class=\"yoast-schema-graph\">{\"@context\":\"https:\/\/schema.org\",\"@graph\":[{\"@type\":\"WebPage\",\"@id\":\"https:\/\/capcover.tn\/product\/opercule-personnalise-imprime\/\",\"url\":\"https:\/\/capcover.tn\/product\/opercule-personnalise-imprime\/\",\"name\":\"Feuilles d\u2019Induction en Aluminium | Capcover\",\"isPartOf\":{\"@id\":\"https:\/\/capcover.tn\/en\/#website\"},\"primaryImageOfPage\":{\"@id\":\"https:\/\/capcover.tn\/product\/opercule-personnalise-imprime\/#primaryimage\"},\"image\":{\"@id\":\"https:\/\/capcover.tn\/product\/opercule-personnalise-imprime\/#primaryimage\"},\"thumbnailUrl\":\"https:\/\/capcover.tn\/wp-content\/uploads\/2025\/01\/Opercule-epe.jpeg\",\"datePublished\":\"2025-01-07T09:58:44+00:00\",\"dateModified\":\"2025-04-14T15:50:05+00:00\",\"description\":\"D\u00e9couvrez nos feuilles d\u2019induction en aluminium pour un scellage \u00e9tanche et inviolable. Id\u00e9al pour contenants alimentaires, pharmaceutiques et cosm\u00e9tiques.\",\"breadcrumb\":{\"@id\":\"https:\/\/capcover.tn\/product\/opercule-personnalise-imprime\/#breadcrumb\"},\"inLanguage\":\"en-GB\",\"potentialAction\":[{\"@type\":\"ReadAction\",\"target\":[\"https:\/\/capcover.tn\/product\/opercule-personnalise-imprime\/\"]}]},{\"@type\":\"ImageObject\",\"inLanguage\":\"en-GB\",\"@id\":\"https:\/\/capcover.tn\/product\/opercule-personnalise-imprime\/#primaryimage\",\"url\":\"https:\/\/capcover.tn\/wp-content\/uploads\/2025\/01\/Opercule-epe.jpeg\",\"contentUrl\":\"https:\/\/capcover.tn\/wp-content\/uploads\/2025\/01\/Opercule-epe.jpeg\",\"width\":400,\"height\":393},{\"@type\":\"BreadcrumbList\",\"@id\":\"https:\/\/capcover.tn\/product\/opercule-personnalise-imprime\/#breadcrumb\",\"itemListElement\":[{\"@type\":\"ListItem\",\"position\":1,\"name\":\"Accueil\",\"item\":\"https:\/\/capcover.tn\/\"},{\"@type\":\"ListItem\",\"position\":2,\"name\":\"Nos produits\",\"item\":\"https:\/\/capcover.tn\/shop\/\"},{\"@type\":\"ListItem\",\"position\":3,\"name\":\"Opercule personnalis\u00e9 imprim\u00e9\"}]},{\"@type\":\"WebSite\",\"@id\":\"https:\/\/capcover.tn\/en\/#website\",\"url\":\"https:\/\/capcover.tn\/en\/\",\"name\":\"Capcover\",\"description\":\"\",\"publisher\":{\"@id\":\"https:\/\/capcover.tn\/en\/#organization\"},\"potentialAction\":[{\"@type\":\"SearchAction\",\"target\":{\"@type\":\"EntryPoint\",\"urlTemplate\":\"https:\/\/capcover.tn\/en\/?s={search_term_string}\"},\"query-input\":{\"@type\":\"PropertyValueSpecification\",\"valueRequired\":true,\"valueName\":\"search_term_string\"}}],\"inLanguage\":\"en-GB\"},{\"@type\":\"Organization\",\"@id\":\"https:\/\/capcover.tn\/en\/#organization\",\"name\":\"Capcover\",\"url\":\"https:\/\/capcover.tn\/en\/\",\"logo\":{\"@type\":\"ImageObject\",\"inLanguage\":\"en-GB\",\"@id\":\"https:\/\/capcover.tn\/en\/#\/schema\/logo\/image\/\",\"url\":\"https:\/\/capcover.tn\/wp-content\/uploads\/2024\/07\/Fichier-1.png\",\"contentUrl\":\"https:\/\/capcover.tn\/wp-content\/uploads\/2024\/07\/Fichier-1.png\",\"width\":276,\"height\":54,\"caption\":\"Capcover\"},\"image\":{\"@id\":\"https:\/\/capcover.tn\/en\/#\/schema\/logo\/image\/\"}}]}<\/script>\n<!-- \/ Yoast SEO Premium plugin. -->","yoast_head_json":{"title":"Feuilles d\u2019Induction en Aluminium | Capcover","description":"D\u00e9couvrez nos feuilles d\u2019induction en aluminium pour un scellage \u00e9tanche et inviolable. Id\u00e9al pour contenants alimentaires, pharmaceutiques et cosm\u00e9tiques.","robots":{"index":"index","follow":"follow","max-snippet":"max-snippet:-1","max-image-preview":"max-image-preview:large","max-video-preview":"max-video-preview:-1"},"canonical":"https:\/\/capcover.tn\/en\/product\/opercule-personnalise-imprime\/","og_locale":"en_GB","og_type":"article","og_title":"Opercule personnalis\u00e9 imprim\u00e9","og_description":"D\u00e9couvrez nos feuilles d\u2019induction en aluminium pour un scellage \u00e9tanche et inviolable. Id\u00e9al pour contenants alimentaires, pharmaceutiques et cosm\u00e9tiques.","og_url":"https:\/\/capcover.tn\/en\/product\/opercule-personnalise-imprime\/","og_site_name":"Capcover","article_modified_time":"2025-04-14T15:50:05+00:00","og_image":[{"width":400,"height":393,"url":"https:\/\/capcover.tn\/wp-content\/uploads\/2025\/01\/Opercule-epe.jpeg","type":"image\/jpeg"}],"twitter_card":"summary_large_image","twitter_misc":{"Estimated reading time":"1 minute"},"schema":{"@context":"https:\/\/schema.org","@graph":[{"@type":"WebPage","@id":"https:\/\/capcover.tn\/product\/opercule-personnalise-imprime\/","url":"https:\/\/capcover.tn\/product\/opercule-personnalise-imprime\/","name":"Feuilles d\u2019Induction en Aluminium | Capcover","isPartOf":{"@id":"https:\/\/capcover.tn\/en\/#website"},"primaryImageOfPage":{"@id":"https:\/\/capcover.tn\/product\/opercule-personnalise-imprime\/#primaryimage"},"image":{"@id":"https:\/\/capcover.tn\/product\/opercule-personnalise-imprime\/#primaryimage"},"thumbnailUrl":"https:\/\/capcover.tn\/wp-content\/uploads\/2025\/01\/Opercule-epe.jpeg","datePublished":"2025-01-07T09:58:44+00:00","dateModified":"2025-04-14T15:50:05+00:00","description":"D\u00e9couvrez nos feuilles d\u2019induction en aluminium pour un scellage \u00e9tanche et inviolable. Id\u00e9al pour contenants alimentaires, pharmaceutiques et cosm\u00e9tiques.","breadcrumb":{"@id":"https:\/\/capcover.tn\/product\/opercule-personnalise-imprime\/#breadcrumb"},"inLanguage":"en-GB","potentialAction":[{"@type":"ReadAction","target":["https:\/\/capcover.tn\/product\/opercule-personnalise-imprime\/"]}]},{"@type":"ImageObject","inLanguage":"en-GB","@id":"https:\/\/capcover.tn\/product\/opercule-personnalise-imprime\/#primaryimage","url":"https:\/\/capcover.tn\/wp-content\/uploads\/2025\/01\/Opercule-epe.jpeg","contentUrl":"https:\/\/capcover.tn\/wp-content\/uploads\/2025\/01\/Opercule-epe.jpeg","width":400,"height":393},{"@type":"BreadcrumbList","@id":"https:\/\/capcover.tn\/product\/opercule-personnalise-imprime\/#breadcrumb","itemListElement":[{"@type":"ListItem","position":1,"name":"Accueil","item":"https:\/\/capcover.tn\/"},{"@type":"ListItem","position":2,"name":"Nos produits","item":"https:\/\/capcover.tn\/shop\/"},{"@type":"ListItem","position":3,"name":"Opercule personnalis\u00e9 imprim\u00e9"}]},{"@type":"WebSite","@id":"https:\/\/capcover.tn\/en\/#website","url":"https:\/\/capcover.tn\/en\/","name":"Capcover","description":"","publisher":{"@id":"https:\/\/capcover.tn\/en\/#organization"},"potentialAction":[{"@type":"SearchAction","target":{"@type":"EntryPoint","urlTemplate":"https:\/\/capcover.tn\/en\/?s={search_term_string}"},"query-input":{"@type":"PropertyValueSpecification","valueRequired":true,"valueName":"search_term_string"}}],"inLanguage":"en-GB"},{"@type":"Organization","@id":"https:\/\/capcover.tn\/en\/#organization","name":"Capcover","url":"https:\/\/capcover.tn\/en\/","logo":{"@type":"ImageObject","inLanguage":"en-GB","@id":"https:\/\/capcover.tn\/en\/#\/schema\/logo\/image\/","url":"https:\/\/capcover.tn\/wp-content\/uploads\/2024\/07\/Fichier-1.png","contentUrl":"https:\/\/capcover.tn\/wp-content\/uploads\/2024\/07\/Fichier-1.png","width":276,"height":54,"caption":"Capcover"},"image":{"@id":"https:\/\/capcover.tn\/en\/#\/schema\/logo\/image\/"}}]}},"_links":{"self":[{"href":"https:\/\/capcover.tn\/en\/wp-json\/wp\/v2\/product\/9516","targetHints":{"allow":["GET"]}}],"collection":[{"href":"https:\/\/capcover.tn\/en\/wp-json\/wp\/v2\/product"}],"about":[{"href":"https:\/\/capcover.tn\/en\/wp-json\/wp\/v2\/types\/product"}],"wp:featuredmedia":[{"embeddable":true,"href":"https:\/\/capcover.tn\/en\/wp-json\/wp\/v2\/media\/9517"}],"wp:attachment":[{"href":"https:\/\/capcover.tn\/en\/wp-json\/wp\/v2\/media?parent=9516"}],"wp:term":[{"taxonomy":"product_cat","embeddable":true,"href":"https:\/\/capcover.tn\/en\/wp-json\/wp\/v2\/product_cat?post=9516"},{"taxonomy":"product_tag","embeddable":true,"href":"https:\/\/capcover.tn\/en\/wp-json\/wp\/v2\/product_tag?post=9516"}],"curies":[{"name":"wp","href":"https:\/\/api.w.org\/{rel}","templated":true}]}}