{"id":9523,"date":"2025-01-07T11:00:34","date_gmt":"2025-01-07T10:00:34","guid":{"rendered":"https:\/\/capcover.tn\/?post_type=product&#038;p=9523"},"modified":"2025-04-03T12:41:30","modified_gmt":"2025-04-03T10:41:30","slug":"opercules-plastique-epe","status":"publish","type":"product","link":"https:\/\/capcover.tn\/en\/product\/opercules-plastique-epe\/","title":{"rendered":"EPE plastic liner"},"content":{"rendered":"<p class=\"translation-block\">EPECOVER HERMETIC GASKET<br>\nClosed cell foam gasket, made of low density polyethylene (PE), with or without film on both sides of its surface. It stands out for its high level of resistance and elasticity as well as its high recovery capacity. Ideal for guaranteeing the customer the hermetic closure of any type of containers, bottles or containers. Does not filter any liquid or air. These gaskets are usually the most used closing gaskets for caps in the food sector, pharmaceutical products, the cosmetic market and, in general, to deal with any type of chemical products.<br>\nThere are several densities and thicknesses. We also adapt to any diameter that is required, both in the form of discs and washers.<\/p>","protected":false},"excerpt":{"rendered":"<p class=\"translation-block\">EPECOVER HERMETIC GASKET<br>\nClosed cell foam gasket, made of low density polyethylene (PE), with or without film on both sides of its surface. It stands out for its high level of resistance and elasticity as well as its high recovery capacity. Ideal for guaranteeing the customer the hermetic closure of any type of containers, bottles or containers. Does not filter any liquid or air. These gaskets are usually the most used closing gaskets for caps in the food sector, pharmaceutical products, the cosmetic market and, in general, to deal with any type of chemical products.<br>\nThere are several densities and thicknesses. We also adapt to any diameter that is required, both in the form of discs and washers.<\/p>","protected":false},"featured_media":9853,"template":"","meta":{"inline_featured_image":false},"product_cat":[81],"product_tag":[],"class_list":{"0":"post-9523","1":"product","2":"type-product","3":"status-publish","4":"has-post-thumbnail","6":"product_cat-opercules-plastique-epe","8":"first","9":"instock","10":"shipping-taxable","11":"product-type-simple"},"yoast_head":"<!-- This site is optimized with the Yoast SEO Premium plugin v24.2 (Yoast SEO v24.2) - https:\/\/yoast.com\/wordpress\/plugins\/seo\/ -->\n<title>Opercule Plastique pour Bouchons : Fermeture \u00c9tanche<\/title>\n<meta name=\"description\" content=\"Nos opercules plastiques pour bouchons offrent une fermeture \u00e9tanche, garantissant la s\u00e9curit\u00e9 de vos produits tout en pr\u00e9servant leur qualit\u00e9.\" \/>\n<meta name=\"robots\" content=\"index, follow, max-snippet:-1, max-image-preview:large, max-video-preview:-1\" \/>\n<link rel=\"canonical\" href=\"https:\/\/capcover.tn\/en\/product\/opercules-plastique-epe\/\" \/>\n<meta property=\"og:locale\" content=\"en_GB\" \/>\n<meta property=\"og:type\" content=\"article\" \/>\n<meta property=\"og:title\" content=\"Opercules plastique epe\" \/>\n<meta property=\"og:description\" content=\"Nos opercules plastiques pour bouchons offrent une fermeture \u00e9tanche, garantissant la s\u00e9curit\u00e9 de vos produits tout en pr\u00e9servant leur qualit\u00e9.\" \/>\n<meta property=\"og:url\" content=\"https:\/\/capcover.tn\/en\/product\/opercules-plastique-epe\/\" \/>\n<meta property=\"og:site_name\" content=\"Capcover\" \/>\n<meta property=\"article:modified_time\" content=\"2025-04-03T10:41:30+00:00\" \/>\n<meta property=\"og:image\" content=\"https:\/\/capcover.tn\/wp-content\/uploads\/2025\/01\/cvh.jpg\" \/>\n\t<meta property=\"og:image:width\" content=\"800\" \/>\n\t<meta property=\"og:image:height\" content=\"800\" \/>\n\t<meta property=\"og:image:type\" content=\"image\/jpeg\" \/>\n<meta name=\"twitter:card\" content=\"summary_large_image\" \/>\n<meta name=\"twitter:label1\" content=\"Estimated reading time\" \/>\n\t<meta name=\"twitter:data1\" content=\"1 minute\" \/>\n<script type=\"application\/ld+json\" class=\"yoast-schema-graph\">{\"@context\":\"https:\/\/schema.org\",\"@graph\":[{\"@type\":\"WebPage\",\"@id\":\"https:\/\/capcover.tn\/product\/opercules-plastique-epe\/\",\"url\":\"https:\/\/capcover.tn\/product\/opercules-plastique-epe\/\",\"name\":\"Opercule Plastique pour Bouchons : Fermeture \u00c9tanche\",\"isPartOf\":{\"@id\":\"https:\/\/capcover.tn\/en\/#website\"},\"primaryImageOfPage\":{\"@id\":\"https:\/\/capcover.tn\/product\/opercules-plastique-epe\/#primaryimage\"},\"image\":{\"@id\":\"https:\/\/capcover.tn\/product\/opercules-plastique-epe\/#primaryimage\"},\"thumbnailUrl\":\"https:\/\/capcover.tn\/wp-content\/uploads\/2025\/01\/cvh.jpg\",\"datePublished\":\"2025-01-07T10:00:34+00:00\",\"dateModified\":\"2025-04-03T10:41:30+00:00\",\"description\":\"Nos opercules plastiques pour bouchons offrent une fermeture \u00e9tanche, garantissant la s\u00e9curit\u00e9 de vos produits tout en pr\u00e9servant leur qualit\u00e9.\",\"breadcrumb\":{\"@id\":\"https:\/\/capcover.tn\/product\/opercules-plastique-epe\/#breadcrumb\"},\"inLanguage\":\"en-GB\",\"potentialAction\":[{\"@type\":\"ReadAction\",\"target\":[\"https:\/\/capcover.tn\/product\/opercules-plastique-epe\/\"]}]},{\"@type\":\"ImageObject\",\"inLanguage\":\"en-GB\",\"@id\":\"https:\/\/capcover.tn\/product\/opercules-plastique-epe\/#primaryimage\",\"url\":\"https:\/\/capcover.tn\/wp-content\/uploads\/2025\/01\/cvh.jpg\",\"contentUrl\":\"https:\/\/capcover.tn\/wp-content\/uploads\/2025\/01\/cvh.jpg\",\"width\":800,\"height\":800},{\"@type\":\"BreadcrumbList\",\"@id\":\"https:\/\/capcover.tn\/product\/opercules-plastique-epe\/#breadcrumb\",\"itemListElement\":[{\"@type\":\"ListItem\",\"position\":1,\"name\":\"Accueil\",\"item\":\"https:\/\/capcover.tn\/\"},{\"@type\":\"ListItem\",\"position\":2,\"name\":\"Nos produits\",\"item\":\"https:\/\/capcover.tn\/shop\/\"},{\"@type\":\"ListItem\",\"position\":3,\"name\":\"Opercules plastique epe\"}]},{\"@type\":\"WebSite\",\"@id\":\"https:\/\/capcover.tn\/en\/#website\",\"url\":\"https:\/\/capcover.tn\/en\/\",\"name\":\"Capcover\",\"description\":\"\",\"publisher\":{\"@id\":\"https:\/\/capcover.tn\/en\/#organization\"},\"potentialAction\":[{\"@type\":\"SearchAction\",\"target\":{\"@type\":\"EntryPoint\",\"urlTemplate\":\"https:\/\/capcover.tn\/en\/?s={search_term_string}\"},\"query-input\":{\"@type\":\"PropertyValueSpecification\",\"valueRequired\":true,\"valueName\":\"search_term_string\"}}],\"inLanguage\":\"en-GB\"},{\"@type\":\"Organization\",\"@id\":\"https:\/\/capcover.tn\/en\/#organization\",\"name\":\"Capcover\",\"url\":\"https:\/\/capcover.tn\/en\/\",\"logo\":{\"@type\":\"ImageObject\",\"inLanguage\":\"en-GB\",\"@id\":\"https:\/\/capcover.tn\/en\/#\/schema\/logo\/image\/\",\"url\":\"https:\/\/capcover.tn\/wp-content\/uploads\/2024\/07\/Fichier-1.png\",\"contentUrl\":\"https:\/\/capcover.tn\/wp-content\/uploads\/2024\/07\/Fichier-1.png\",\"width\":276,\"height\":54,\"caption\":\"Capcover\"},\"image\":{\"@id\":\"https:\/\/capcover.tn\/en\/#\/schema\/logo\/image\/\"}}]}<\/script>\n<!-- \/ Yoast SEO Premium plugin. -->","yoast_head_json":{"title":"Opercule Plastique pour Bouchons : Fermeture \u00c9tanche","description":"Nos opercules plastiques pour bouchons offrent une fermeture \u00e9tanche, garantissant la s\u00e9curit\u00e9 de vos produits tout en pr\u00e9servant leur qualit\u00e9.","robots":{"index":"index","follow":"follow","max-snippet":"max-snippet:-1","max-image-preview":"max-image-preview:large","max-video-preview":"max-video-preview:-1"},"canonical":"https:\/\/capcover.tn\/en\/product\/opercules-plastique-epe\/","og_locale":"en_GB","og_type":"article","og_title":"Opercules plastique epe","og_description":"Nos opercules plastiques pour bouchons offrent une fermeture \u00e9tanche, garantissant la s\u00e9curit\u00e9 de vos produits tout en pr\u00e9servant leur qualit\u00e9.","og_url":"https:\/\/capcover.tn\/en\/product\/opercules-plastique-epe\/","og_site_name":"Capcover","article_modified_time":"2025-04-03T10:41:30+00:00","og_image":[{"width":800,"height":800,"url":"https:\/\/capcover.tn\/wp-content\/uploads\/2025\/01\/cvh.jpg","type":"image\/jpeg"}],"twitter_card":"summary_large_image","twitter_misc":{"Estimated reading time":"1 minute"},"schema":{"@context":"https:\/\/schema.org","@graph":[{"@type":"WebPage","@id":"https:\/\/capcover.tn\/product\/opercules-plastique-epe\/","url":"https:\/\/capcover.tn\/product\/opercules-plastique-epe\/","name":"Opercule Plastique pour Bouchons : Fermeture \u00c9tanche","isPartOf":{"@id":"https:\/\/capcover.tn\/en\/#website"},"primaryImageOfPage":{"@id":"https:\/\/capcover.tn\/product\/opercules-plastique-epe\/#primaryimage"},"image":{"@id":"https:\/\/capcover.tn\/product\/opercules-plastique-epe\/#primaryimage"},"thumbnailUrl":"https:\/\/capcover.tn\/wp-content\/uploads\/2025\/01\/cvh.jpg","datePublished":"2025-01-07T10:00:34+00:00","dateModified":"2025-04-03T10:41:30+00:00","description":"Nos opercules plastiques pour bouchons offrent une fermeture \u00e9tanche, garantissant la s\u00e9curit\u00e9 de vos produits tout en pr\u00e9servant leur qualit\u00e9.","breadcrumb":{"@id":"https:\/\/capcover.tn\/product\/opercules-plastique-epe\/#breadcrumb"},"inLanguage":"en-GB","potentialAction":[{"@type":"ReadAction","target":["https:\/\/capcover.tn\/product\/opercules-plastique-epe\/"]}]},{"@type":"ImageObject","inLanguage":"en-GB","@id":"https:\/\/capcover.tn\/product\/opercules-plastique-epe\/#primaryimage","url":"https:\/\/capcover.tn\/wp-content\/uploads\/2025\/01\/cvh.jpg","contentUrl":"https:\/\/capcover.tn\/wp-content\/uploads\/2025\/01\/cvh.jpg","width":800,"height":800},{"@type":"BreadcrumbList","@id":"https:\/\/capcover.tn\/product\/opercules-plastique-epe\/#breadcrumb","itemListElement":[{"@type":"ListItem","position":1,"name":"Accueil","item":"https:\/\/capcover.tn\/"},{"@type":"ListItem","position":2,"name":"Nos produits","item":"https:\/\/capcover.tn\/shop\/"},{"@type":"ListItem","position":3,"name":"Opercules plastique epe"}]},{"@type":"WebSite","@id":"https:\/\/capcover.tn\/en\/#website","url":"https:\/\/capcover.tn\/en\/","name":"Capcover","description":"","publisher":{"@id":"https:\/\/capcover.tn\/en\/#organization"},"potentialAction":[{"@type":"SearchAction","target":{"@type":"EntryPoint","urlTemplate":"https:\/\/capcover.tn\/en\/?s={search_term_string}"},"query-input":{"@type":"PropertyValueSpecification","valueRequired":true,"valueName":"search_term_string"}}],"inLanguage":"en-GB"},{"@type":"Organization","@id":"https:\/\/capcover.tn\/en\/#organization","name":"Capcover","url":"https:\/\/capcover.tn\/en\/","logo":{"@type":"ImageObject","inLanguage":"en-GB","@id":"https:\/\/capcover.tn\/en\/#\/schema\/logo\/image\/","url":"https:\/\/capcover.tn\/wp-content\/uploads\/2024\/07\/Fichier-1.png","contentUrl":"https:\/\/capcover.tn\/wp-content\/uploads\/2024\/07\/Fichier-1.png","width":276,"height":54,"caption":"Capcover"},"image":{"@id":"https:\/\/capcover.tn\/en\/#\/schema\/logo\/image\/"}}]}},"_links":{"self":[{"href":"https:\/\/capcover.tn\/en\/wp-json\/wp\/v2\/product\/9523","targetHints":{"allow":["GET"]}}],"collection":[{"href":"https:\/\/capcover.tn\/en\/wp-json\/wp\/v2\/product"}],"about":[{"href":"https:\/\/capcover.tn\/en\/wp-json\/wp\/v2\/types\/product"}],"wp:featuredmedia":[{"embeddable":true,"href":"https:\/\/capcover.tn\/en\/wp-json\/wp\/v2\/media\/9853"}],"wp:attachment":[{"href":"https:\/\/capcover.tn\/en\/wp-json\/wp\/v2\/media?parent=9523"}],"wp:term":[{"taxonomy":"product_cat","embeddable":true,"href":"https:\/\/capcover.tn\/en\/wp-json\/wp\/v2\/product_cat?post=9523"},{"taxonomy":"product_tag","embeddable":true,"href":"https:\/\/capcover.tn\/en\/wp-json\/wp\/v2\/product_tag?post=9523"}],"curies":[{"name":"wp","href":"https:\/\/api.w.org\/{rel}","templated":true}]}}