{"id":9528,"date":"2025-01-07T11:03:25","date_gmt":"2025-01-07T10:03:25","guid":{"rendered":"https:\/\/capcover.tn\/?post_type=product&#038;p=9528"},"modified":"2025-01-07T11:38:35","modified_gmt":"2025-01-07T10:38:35","slug":"machine-induction-automatique","status":"publish","type":"product","link":"https:\/\/capcover.tn\/en\/product\/machine-induction-automatique\/","title":{"rendered":"Automatic induction machine"},"content":{"rendered":"<p class=\"translation-block\"><b>Automatic Induction Sealing Machine 20-100<\/b><br>\r\nModel No : LX 6000A<br>\r\nPower Supply : 220 V 50 Hz<br>\r\nInput Power : 1200 W<br>\r\noutput Power : 600 W<br>\r\nSealing Diameter : 20 mm To 100 mm<br>\r\nBottle Diameter : 20 mm To 100 mm<br>\r\nHeight Of Bottle : 80 mm To 300 mm<br>\r\nMachine Dimension : 1120 mmX470 mm X 590 mm<br>\r\nScelleuse \u00e0 induction continue LX 6000<br>\r\nCette machine de scellage par induction \u00e9lectromagn\u00e9tique est principalement adapt\u00e9e aux op\u00e9rations de scellage de bouteilles en plastique, en verre et autres bouteilles non m\u00e9talliques. Elle fonctionne avec le principe de l\u2019induction \u00e9lectromagn\u00e9tique, chauffe les feuilles en un instant et scelle herm\u00e9tiquement. Fabriqu\u00e9e en acier inoxydable, la machine \u00e0 sceller les bouteilles est solide et durable pour une dur\u00e9e de vie \u00e0 long terme. Elle supporte un travail continu pendant une longue p\u00e9riode, augmentant l\u2019efficacit\u00e9 et \u00e9conomisant de la main-d\u2019\u0153uvre.<br>\r\nDurable et r\u00e9glable<br>\r\nLa machine \u00e0 capsules de bouteilles est robuste et durable avec une construction en acier inoxydable et des pieds caoutchout\u00e9s. La hauteur est r\u00e9glable pour s\u2019adapter aux bouteilles de 20 \u00e0 300 mm de haut avec le volant de levage pliable.<br>\r\nPanneau multifonction<br>\r\nLes utilisateurs peuvent observer l\u2019affichage en temps r\u00e9el du courant et de la tension gr\u00e2ce \u00e0 ce panneau de commande concis. Contr\u00f4lez la vitesse de scellage par r\u00e9gulateur de vitesse. Le fonctionnement est efficace et permet de gagner du temps.<br>\r\nScellage par induction<br>\r\nDeux bobines d\u2019induction en cuivre pur am\u00e8nent la temp\u00e9rature \u00e9lev\u00e9e en un instant pour faire fondre la feuille d\u2019aluminium pour qu\u2019elle adh\u00e8re au trou de bonde, rapidement et efficacement. Sceller correctement le bouchon sans fuite.<br>\r\nDispositif de transmission<br>\r\nLa bande transporteuse en PVC \u00e9paissi a une capacit\u00e9 de charge de 6 kg. La livraison est fluide et stable. L\u2019entr\u00e9e est r\u00e9glable pour guider la bouteille avec le dispositif de rail de guidage. Diam\u00e8tre de bouteille applicable : 20-80 mm.<br>\r\nDissipation thermique<br>\r\nLe scellant \u00e0 induction pour bouchon de bouteille adopte la technologie de refroidissement forc\u00e9 par air. Les ventilateurs industriels et les \u00e9vents de ventilation \u00e9quip\u00e9s dans toutes les pi\u00e8ces chauffantes assurent un travail continu de longue dur\u00e9e.<br>\r\nLarge application<br>\r\nLe scellant \u00e0 bouchon est parfait pour une utilisation dans les industries pharmaceutiques, chimiques, alimentaires, des boissons, des huiles lubrifiantes, des cosm\u00e9tiques et d\u2019autres industries pour sceller les bouteilles en PE, PP, PET, PS et en verre, \u00e0 l\u2019exception des bouteilles en m\u00e9tal<\/p>","protected":false},"excerpt":{"rendered":"<p class=\"translation-block\"><b>Automatic Induction Sealing Machine 20-100<\/b><br>\r\nModel No : LX 6000A<br>\r\nPower Supply : 220 V 50 Hz<br>\r\nInput Power : 1200 W<br>\r\noutput Power : 600 W<br>\r\nSealing Diameter : 20 mm To 100 mm<br>\r\nBottle Diameter : 20 mm To 100 mm<br>\r\nHeight Of Bottle : 80 mm To 300 mm<br>\r\nMachine Dimension : 1120 mmX470 mm X 590 mm<br>\r\nScelleuse \u00e0 induction continue LX 6000<br>\r\nCette machine de scellage par induction \u00e9lectromagn\u00e9tique est principalement adapt\u00e9e aux op\u00e9rations de scellage de bouteilles en plastique, en verre et autres bouteilles non m\u00e9talliques. Elle fonctionne avec le principe de l\u2019induction \u00e9lectromagn\u00e9tique, chauffe les feuilles en un instant et scelle herm\u00e9tiquement. Fabriqu\u00e9e en acier inoxydable, la machine \u00e0 sceller les bouteilles est solide et durable pour une dur\u00e9e de vie \u00e0 long terme. Elle supporte un travail continu pendant une longue p\u00e9riode, augmentant l\u2019efficacit\u00e9 et \u00e9conomisant de la main-d\u2019\u0153uvre.<br>\r\nDurable et r\u00e9glable<br>\r\nLa machine \u00e0 capsules de bouteilles est robuste et durable avec une construction en acier inoxydable et des pieds caoutchout\u00e9s. La hauteur est r\u00e9glable pour s\u2019adapter aux bouteilles de 20 \u00e0 300 mm de haut avec le volant de levage pliable.<br>\r\nPanneau multifonction<br>\r\nLes utilisateurs peuvent observer l\u2019affichage en temps r\u00e9el du courant et de la tension gr\u00e2ce \u00e0 ce panneau de commande concis. Contr\u00f4lez la vitesse de scellage par r\u00e9gulateur de vitesse. Le fonctionnement est efficace et permet de gagner du temps.<br>\r\nScellage par induction<br>\r\nDeux bobines d\u2019induction en cuivre pur am\u00e8nent la temp\u00e9rature \u00e9lev\u00e9e en un instant pour faire fondre la feuille d\u2019aluminium pour qu\u2019elle adh\u00e8re au trou de bonde, rapidement et efficacement. Sceller correctement le bouchon sans fuite.<br>\r\nDispositif de transmission<br>\r\nLa bande transporteuse en PVC \u00e9paissi a une capacit\u00e9 de charge de 6 kg. La livraison est fluide et stable. L\u2019entr\u00e9e est r\u00e9glable pour guider la bouteille avec le dispositif de rail de guidage. Diam\u00e8tre de bouteille applicable : 20-80 mm.<br>\r\nDissipation thermique<br>\r\nLe scellant \u00e0 induction pour bouchon de bouteille adopte la technologie de refroidissement forc\u00e9 par air. Les ventilateurs industriels et les \u00e9vents de ventilation \u00e9quip\u00e9s dans toutes les pi\u00e8ces chauffantes assurent un travail continu de longue dur\u00e9e.<br>\r\nLarge application<br>\r\nLe scellant \u00e0 bouchon est parfait pour une utilisation dans les industries pharmaceutiques, chimiques, alimentaires, des boissons, des huiles lubrifiantes, des cosm\u00e9tiques et d\u2019autres industries pour sceller les bouteilles en PE, PP, PET, PS et en verre, \u00e0 l\u2019exception des bouteilles en m\u00e9tal<\/p>","protected":false},"featured_media":9529,"template":"","meta":{"inline_featured_image":false},"product_cat":[82],"product_tag":[],"class_list":{"0":"post-9528","1":"product","2":"type-product","3":"status-publish","4":"has-post-thumbnail","6":"product_cat-machine-a-induction","8":"first","9":"instock","10":"shipping-taxable","11":"product-type-simple"},"yoast_head":"<!-- This site is optimized with the Yoast SEO Premium plugin v24.2 (Yoast SEO v24.2) - https:\/\/yoast.com\/wordpress\/plugins\/seo\/ -->\n<title>Machine induction automatique - Capcover<\/title>\n<meta name=\"robots\" content=\"index, follow, max-snippet:-1, max-image-preview:large, max-video-preview:-1\" \/>\n<link rel=\"canonical\" href=\"https:\/\/capcover.tn\/en\/product\/machine-induction-automatique\/\" \/>\n<meta property=\"og:locale\" content=\"en_GB\" \/>\n<meta property=\"og:type\" content=\"article\" \/>\n<meta property=\"og:title\" content=\"Machine induction automatique\" \/>\n<meta property=\"og:description\" content=\"Automatic Induction Sealing Machine 20-100 Model No : LX 6000A Power Supply : 220 V 50 Hz Input Power : 1200 W output Power : 600 W Sealing Diameter : 20 mm To 100 mm Bottle Diameter : 20 mm To 100 mm Height Of Bottle : 80 mm To 300 mm Machine Dimension : 1120 mmX470 mm X 590 mm Scelleuse \u00e0 induction continue LX 6000 Cette machine de scellage par induction \u00e9lectromagn\u00e9tique est principalement adapt\u00e9e aux op\u00e9rations de scellage de bouteilles en plastique, en verre et autres bouteilles non m\u00e9talliques. Elle fonctionne avec le principe de l&#039;induction \u00e9lectromagn\u00e9tique, chauffe les feuilles en un instant et scelle herm\u00e9tiquement. Fabriqu\u00e9e en acier inoxydable, la machine \u00e0 sceller les bouteilles est solide et durable pour une dur\u00e9e de vie \u00e0 long terme. Elle supporte un travail continu pendant une longue p\u00e9riode, augmentant l&#039;efficacit\u00e9 et \u00e9conomisant de la main-d&#039;\u0153uvre. Durable et r\u00e9glable La machine \u00e0 capsules de bouteilles est robuste et durable avec une construction en acier inoxydable et des pieds caoutchout\u00e9s. La hauteur est r\u00e9glable pour s&#039;adapter aux bouteilles de 20 \u00e0 300 mm de haut avec le volant de levage pliable. Panneau multifonction Les utilisateurs peuvent observer l&#039;affichage en temps r\u00e9el du courant et de la tension gr\u00e2ce \u00e0 ce panneau de commande concis. Contr\u00f4lez la vitesse de scellage par r\u00e9gulateur de vitesse. Le fonctionnement est efficace et permet de gagner du temps. Scellage par induction Deux bobines d&#039;induction en cuivre pur am\u00e8nent la temp\u00e9rature \u00e9lev\u00e9e en un instant pour faire fondre la feuille d&#039;aluminium pour qu&#039;elle adh\u00e8re au trou de bonde, rapidement et efficacement. Sceller correctement le bouchon sans fuite. Dispositif de transmission La bande transporteuse en PVC \u00e9paissi a une capacit\u00e9 de charge de 6 kg. La livraison est fluide et stable. L&#039;entr\u00e9e est r\u00e9glable pour guider la bouteille avec le dispositif de rail de guidage. Diam\u00e8tre de bouteille applicable : 20-80 mm. Dissipation thermique Le scellant \u00e0 induction pour bouchon de bouteille adopte la technologie de refroidissement forc\u00e9 par air. Les ventilateurs industriels et les \u00e9vents de ventilation \u00e9quip\u00e9s dans toutes les pi\u00e8ces chauffantes assurent un travail continu de longue dur\u00e9e. Large application Le scellant \u00e0 bouchon est parfait pour une utilisation dans les industries pharmaceutiques, chimiques, alimentaires, des boissons, des huiles lubrifiantes, des cosm\u00e9tiques et d&#039;autres industries pour sceller les bouteilles en PE, PP, PET, PS et en verre, \u00e0 l&#039;exception des bouteilles en m\u00e9tal\" \/>\n<meta property=\"og:url\" content=\"https:\/\/capcover.tn\/en\/product\/machine-induction-automatique\/\" \/>\n<meta property=\"og:site_name\" content=\"Capcover\" \/>\n<meta property=\"article:modified_time\" content=\"2025-01-07T10:38:35+00:00\" \/>\n<meta property=\"og:image\" content=\"https:\/\/capcover.tn\/wp-content\/uploads\/2025\/01\/Machine-induction-automatique-2.jpeg\" \/>\n\t<meta property=\"og:image:width\" content=\"1001\" \/>\n\t<meta property=\"og:image:height\" content=\"1001\" \/>\n\t<meta property=\"og:image:type\" content=\"image\/jpeg\" \/>\n<meta name=\"twitter:card\" content=\"summary_large_image\" \/>\n<meta name=\"twitter:label1\" content=\"Estimated reading time\" \/>\n\t<meta name=\"twitter:data1\" content=\"2 minutes\" \/>\n<script type=\"application\/ld+json\" class=\"yoast-schema-graph\">{\"@context\":\"https:\/\/schema.org\",\"@graph\":[{\"@type\":\"WebPage\",\"@id\":\"https:\/\/capcover.tn\/product\/machine-induction-automatique\/\",\"url\":\"https:\/\/capcover.tn\/product\/machine-induction-automatique\/\",\"name\":\"Machine induction automatique - Capcover\",\"isPartOf\":{\"@id\":\"https:\/\/capcover.tn\/en\/#website\"},\"primaryImageOfPage\":{\"@id\":\"https:\/\/capcover.tn\/product\/machine-induction-automatique\/#primaryimage\"},\"image\":{\"@id\":\"https:\/\/capcover.tn\/product\/machine-induction-automatique\/#primaryimage\"},\"thumbnailUrl\":\"https:\/\/capcover.tn\/wp-content\/uploads\/2025\/01\/Machine-induction-automatique-2.jpeg\",\"datePublished\":\"2025-01-07T10:03:25+00:00\",\"dateModified\":\"2025-01-07T10:38:35+00:00\",\"breadcrumb\":{\"@id\":\"https:\/\/capcover.tn\/product\/machine-induction-automatique\/#breadcrumb\"},\"inLanguage\":\"en-GB\",\"potentialAction\":[{\"@type\":\"ReadAction\",\"target\":[\"https:\/\/capcover.tn\/product\/machine-induction-automatique\/\"]}]},{\"@type\":\"ImageObject\",\"inLanguage\":\"en-GB\",\"@id\":\"https:\/\/capcover.tn\/product\/machine-induction-automatique\/#primaryimage\",\"url\":\"https:\/\/capcover.tn\/wp-content\/uploads\/2025\/01\/Machine-induction-automatique-2.jpeg\",\"contentUrl\":\"https:\/\/capcover.tn\/wp-content\/uploads\/2025\/01\/Machine-induction-automatique-2.jpeg\",\"width\":1001,\"height\":1001},{\"@type\":\"BreadcrumbList\",\"@id\":\"https:\/\/capcover.tn\/product\/machine-induction-automatique\/#breadcrumb\",\"itemListElement\":[{\"@type\":\"ListItem\",\"position\":1,\"name\":\"Accueil\",\"item\":\"https:\/\/capcover.tn\/\"},{\"@type\":\"ListItem\",\"position\":2,\"name\":\"Nos produits\",\"item\":\"https:\/\/capcover.tn\/shop\/\"},{\"@type\":\"ListItem\",\"position\":3,\"name\":\"Machine induction automatique\"}]},{\"@type\":\"WebSite\",\"@id\":\"https:\/\/capcover.tn\/en\/#website\",\"url\":\"https:\/\/capcover.tn\/en\/\",\"name\":\"Capcover\",\"description\":\"\",\"publisher\":{\"@id\":\"https:\/\/capcover.tn\/en\/#organization\"},\"potentialAction\":[{\"@type\":\"SearchAction\",\"target\":{\"@type\":\"EntryPoint\",\"urlTemplate\":\"https:\/\/capcover.tn\/en\/?s={search_term_string}\"},\"query-input\":{\"@type\":\"PropertyValueSpecification\",\"valueRequired\":true,\"valueName\":\"search_term_string\"}}],\"inLanguage\":\"en-GB\"},{\"@type\":\"Organization\",\"@id\":\"https:\/\/capcover.tn\/en\/#organization\",\"name\":\"Capcover\",\"url\":\"https:\/\/capcover.tn\/en\/\",\"logo\":{\"@type\":\"ImageObject\",\"inLanguage\":\"en-GB\",\"@id\":\"https:\/\/capcover.tn\/en\/#\/schema\/logo\/image\/\",\"url\":\"https:\/\/capcover.tn\/wp-content\/uploads\/2024\/07\/Fichier-1.png\",\"contentUrl\":\"https:\/\/capcover.tn\/wp-content\/uploads\/2024\/07\/Fichier-1.png\",\"width\":276,\"height\":54,\"caption\":\"Capcover\"},\"image\":{\"@id\":\"https:\/\/capcover.tn\/en\/#\/schema\/logo\/image\/\"}}]}<\/script>\n<!-- \/ Yoast SEO Premium plugin. -->","yoast_head_json":{"title":"Machine induction automatique - Capcover","robots":{"index":"index","follow":"follow","max-snippet":"max-snippet:-1","max-image-preview":"max-image-preview:large","max-video-preview":"max-video-preview:-1"},"canonical":"https:\/\/capcover.tn\/en\/product\/machine-induction-automatique\/","og_locale":"en_GB","og_type":"article","og_title":"Machine induction automatique","og_description":"Automatic Induction Sealing Machine 20-100 Model No : LX 6000A Power Supply : 220 V 50 Hz Input Power : 1200 W output Power : 600 W Sealing Diameter : 20 mm To 100 mm Bottle Diameter : 20 mm To 100 mm Height Of Bottle : 80 mm To 300 mm Machine Dimension : 1120 mmX470 mm X 590 mm Scelleuse \u00e0 induction continue LX 6000 Cette machine de scellage par induction \u00e9lectromagn\u00e9tique est principalement adapt\u00e9e aux op\u00e9rations de scellage de bouteilles en plastique, en verre et autres bouteilles non m\u00e9talliques. Elle fonctionne avec le principe de l'induction \u00e9lectromagn\u00e9tique, chauffe les feuilles en un instant et scelle herm\u00e9tiquement. Fabriqu\u00e9e en acier inoxydable, la machine \u00e0 sceller les bouteilles est solide et durable pour une dur\u00e9e de vie \u00e0 long terme. Elle supporte un travail continu pendant une longue p\u00e9riode, augmentant l'efficacit\u00e9 et \u00e9conomisant de la main-d'\u0153uvre. Durable et r\u00e9glable La machine \u00e0 capsules de bouteilles est robuste et durable avec une construction en acier inoxydable et des pieds caoutchout\u00e9s. La hauteur est r\u00e9glable pour s'adapter aux bouteilles de 20 \u00e0 300 mm de haut avec le volant de levage pliable. Panneau multifonction Les utilisateurs peuvent observer l'affichage en temps r\u00e9el du courant et de la tension gr\u00e2ce \u00e0 ce panneau de commande concis. Contr\u00f4lez la vitesse de scellage par r\u00e9gulateur de vitesse. Le fonctionnement est efficace et permet de gagner du temps. Scellage par induction Deux bobines d'induction en cuivre pur am\u00e8nent la temp\u00e9rature \u00e9lev\u00e9e en un instant pour faire fondre la feuille d'aluminium pour qu'elle adh\u00e8re au trou de bonde, rapidement et efficacement. Sceller correctement le bouchon sans fuite. Dispositif de transmission La bande transporteuse en PVC \u00e9paissi a une capacit\u00e9 de charge de 6 kg. La livraison est fluide et stable. L'entr\u00e9e est r\u00e9glable pour guider la bouteille avec le dispositif de rail de guidage. Diam\u00e8tre de bouteille applicable : 20-80 mm. Dissipation thermique Le scellant \u00e0 induction pour bouchon de bouteille adopte la technologie de refroidissement forc\u00e9 par air. Les ventilateurs industriels et les \u00e9vents de ventilation \u00e9quip\u00e9s dans toutes les pi\u00e8ces chauffantes assurent un travail continu de longue dur\u00e9e. Large application Le scellant \u00e0 bouchon est parfait pour une utilisation dans les industries pharmaceutiques, chimiques, alimentaires, des boissons, des huiles lubrifiantes, des cosm\u00e9tiques et d'autres industries pour sceller les bouteilles en PE, PP, PET, PS et en verre, \u00e0 l'exception des bouteilles en m\u00e9tal","og_url":"https:\/\/capcover.tn\/en\/product\/machine-induction-automatique\/","og_site_name":"Capcover","article_modified_time":"2025-01-07T10:38:35+00:00","og_image":[{"width":1001,"height":1001,"url":"https:\/\/capcover.tn\/wp-content\/uploads\/2025\/01\/Machine-induction-automatique-2.jpeg","type":"image\/jpeg"}],"twitter_card":"summary_large_image","twitter_misc":{"Estimated reading time":"2 minutes"},"schema":{"@context":"https:\/\/schema.org","@graph":[{"@type":"WebPage","@id":"https:\/\/capcover.tn\/product\/machine-induction-automatique\/","url":"https:\/\/capcover.tn\/product\/machine-induction-automatique\/","name":"Machine induction automatique - Capcover","isPartOf":{"@id":"https:\/\/capcover.tn\/en\/#website"},"primaryImageOfPage":{"@id":"https:\/\/capcover.tn\/product\/machine-induction-automatique\/#primaryimage"},"image":{"@id":"https:\/\/capcover.tn\/product\/machine-induction-automatique\/#primaryimage"},"thumbnailUrl":"https:\/\/capcover.tn\/wp-content\/uploads\/2025\/01\/Machine-induction-automatique-2.jpeg","datePublished":"2025-01-07T10:03:25+00:00","dateModified":"2025-01-07T10:38:35+00:00","breadcrumb":{"@id":"https:\/\/capcover.tn\/product\/machine-induction-automatique\/#breadcrumb"},"inLanguage":"en-GB","potentialAction":[{"@type":"ReadAction","target":["https:\/\/capcover.tn\/product\/machine-induction-automatique\/"]}]},{"@type":"ImageObject","inLanguage":"en-GB","@id":"https:\/\/capcover.tn\/product\/machine-induction-automatique\/#primaryimage","url":"https:\/\/capcover.tn\/wp-content\/uploads\/2025\/01\/Machine-induction-automatique-2.jpeg","contentUrl":"https:\/\/capcover.tn\/wp-content\/uploads\/2025\/01\/Machine-induction-automatique-2.jpeg","width":1001,"height":1001},{"@type":"BreadcrumbList","@id":"https:\/\/capcover.tn\/product\/machine-induction-automatique\/#breadcrumb","itemListElement":[{"@type":"ListItem","position":1,"name":"Accueil","item":"https:\/\/capcover.tn\/"},{"@type":"ListItem","position":2,"name":"Nos produits","item":"https:\/\/capcover.tn\/shop\/"},{"@type":"ListItem","position":3,"name":"Machine induction automatique"}]},{"@type":"WebSite","@id":"https:\/\/capcover.tn\/en\/#website","url":"https:\/\/capcover.tn\/en\/","name":"Capcover","description":"","publisher":{"@id":"https:\/\/capcover.tn\/en\/#organization"},"potentialAction":[{"@type":"SearchAction","target":{"@type":"EntryPoint","urlTemplate":"https:\/\/capcover.tn\/en\/?s={search_term_string}"},"query-input":{"@type":"PropertyValueSpecification","valueRequired":true,"valueName":"search_term_string"}}],"inLanguage":"en-GB"},{"@type":"Organization","@id":"https:\/\/capcover.tn\/en\/#organization","name":"Capcover","url":"https:\/\/capcover.tn\/en\/","logo":{"@type":"ImageObject","inLanguage":"en-GB","@id":"https:\/\/capcover.tn\/en\/#\/schema\/logo\/image\/","url":"https:\/\/capcover.tn\/wp-content\/uploads\/2024\/07\/Fichier-1.png","contentUrl":"https:\/\/capcover.tn\/wp-content\/uploads\/2024\/07\/Fichier-1.png","width":276,"height":54,"caption":"Capcover"},"image":{"@id":"https:\/\/capcover.tn\/en\/#\/schema\/logo\/image\/"}}]}},"_links":{"self":[{"href":"https:\/\/capcover.tn\/en\/wp-json\/wp\/v2\/product\/9528","targetHints":{"allow":["GET"]}}],"collection":[{"href":"https:\/\/capcover.tn\/en\/wp-json\/wp\/v2\/product"}],"about":[{"href":"https:\/\/capcover.tn\/en\/wp-json\/wp\/v2\/types\/product"}],"wp:featuredmedia":[{"embeddable":true,"href":"https:\/\/capcover.tn\/en\/wp-json\/wp\/v2\/media\/9529"}],"wp:attachment":[{"href":"https:\/\/capcover.tn\/en\/wp-json\/wp\/v2\/media?parent=9528"}],"wp:term":[{"taxonomy":"product_cat","embeddable":true,"href":"https:\/\/capcover.tn\/en\/wp-json\/wp\/v2\/product_cat?post=9528"},{"taxonomy":"product_tag","embeddable":true,"href":"https:\/\/capcover.tn\/en\/wp-json\/wp\/v2\/product_tag?post=9528"}],"curies":[{"name":"wp","href":"https:\/\/api.w.org\/{rel}","templated":true}]}}