{"id":9724,"date":"2025-01-07T15:12:34","date_gmt":"2025-01-07T14:12:34","guid":{"rendered":"https:\/\/capcover.tn\/?post_type=product&#038;p=9724"},"modified":"2025-01-10T11:20:26","modified_gmt":"2025-01-10T10:20:26","slug":"induliner-hdpe","status":"publish","type":"product","link":"https:\/\/capcover.tn\/en\/product\/induliner-hdpe\/","title":{"rendered":"1 piece aluminium INDULINER HDPE"},"content":{"rendered":"<p class=\"translation-block\">This lid is laminated with a sealing film that guarantees a seal on HDPE containers.<br>\nThis seal is available with a thickness of 0.2 mm. The visible part of the lid is white, with a standard print \u201cSealed for your protection\u201d or any other print that the customer would require. The shape of this lid can be completely round, or it can contain one or more tabs that facilitate opening. We can also manufacture geometries that adapt to special containers.<\/p>","protected":false},"excerpt":{"rendered":"<p class=\"translation-block\">This lid is laminated with a sealing film that guarantees a seal on HDPE containers.<br>\nThis seal is available with a thickness of 0.2 mm. The visible part of the lid is white, with a standard print \u201cSealed for your protection\u201d or any other print that the customer would require. The shape of this lid can be completely round, or it can contain one or more tabs that facilitate opening. We can also manufacture geometries that adapt to special containers.<\/p>","protected":false},"featured_media":9726,"template":"","meta":{"inline_featured_image":false},"product_cat":[79],"product_tag":[],"class_list":{"0":"post-9724","1":"product","2":"type-product","3":"status-publish","4":"has-post-thumbnail","6":"product_cat-opercule-1-piece","8":"first","9":"instock","10":"shipping-taxable","11":"product-type-simple"},"yoast_head":"<!-- This site is optimized with the Yoast SEO Premium plugin v24.2 (Yoast SEO v24.2) - https:\/\/yoast.com\/wordpress\/plugins\/seo\/ -->\n<title>Opercule de 1 pi\u00e8ce INDULINER HDPE - Capcover<\/title>\n<meta name=\"robots\" content=\"index, follow, max-snippet:-1, max-image-preview:large, max-video-preview:-1\" \/>\n<link rel=\"canonical\" href=\"https:\/\/capcover.tn\/en\/product\/induliner-hdpe\/\" \/>\n<meta property=\"og:locale\" content=\"en_GB\" \/>\n<meta property=\"og:type\" content=\"article\" \/>\n<meta property=\"og:title\" content=\"Opercule de 1 pi\u00e8ce INDULINER HDPE\" \/>\n<meta property=\"og:description\" content=\"Cet opercule est lamin\u00e9 d\u2019un film de scellement qui garantit un scellage sur les r\u00e9cipients en mati\u00e8re HDPE. Ce joint est disponible avec une \u00e9paisseur de 0.2 mm. La partie visible de l\u2019opercule est de couleur blanche, avec une impression standard \u00ab Scell\u00e9 pour votre protection \u00bb ou toute autre impression que le client exigerait. La forme de cet opercule peut \u00eatre compl\u00e8tement ronde, ou il peut contenir une ou plusieurs languettes qui facilitent l\u2019ouverture. Nous pouvons \u00e9galement fabriquer des g\u00e9om\u00e9tries qui s\u2019adaptent \u00e0 des r\u00e9cipients sp\u00e9ciales.\" \/>\n<meta property=\"og:url\" content=\"https:\/\/capcover.tn\/en\/product\/induliner-hdpe\/\" \/>\n<meta property=\"og:site_name\" content=\"Capcover\" \/>\n<meta property=\"article:modified_time\" content=\"2025-01-10T10:20:26+00:00\" \/>\n<meta property=\"og:image\" content=\"https:\/\/capcover.tn\/wp-content\/uploads\/2025\/01\/INDULINER-HDPE.jpeg\" \/>\n\t<meta property=\"og:image:width\" content=\"1000\" \/>\n\t<meta property=\"og:image:height\" content=\"1000\" \/>\n\t<meta property=\"og:image:type\" content=\"image\/jpeg\" \/>\n<meta name=\"twitter:card\" content=\"summary_large_image\" \/>\n<script type=\"application\/ld+json\" class=\"yoast-schema-graph\">{\"@context\":\"https:\/\/schema.org\",\"@graph\":[{\"@type\":\"WebPage\",\"@id\":\"https:\/\/capcover.tn\/product\/induliner-hdpe\/\",\"url\":\"https:\/\/capcover.tn\/product\/induliner-hdpe\/\",\"name\":\"Opercule de 1 pi\u00e8ce INDULINER HDPE - Capcover\",\"isPartOf\":{\"@id\":\"https:\/\/capcover.tn\/en\/#website\"},\"primaryImageOfPage\":{\"@id\":\"https:\/\/capcover.tn\/product\/induliner-hdpe\/#primaryimage\"},\"image\":{\"@id\":\"https:\/\/capcover.tn\/product\/induliner-hdpe\/#primaryimage\"},\"thumbnailUrl\":\"https:\/\/capcover.tn\/wp-content\/uploads\/2025\/01\/INDULINER-HDPE.jpeg\",\"datePublished\":\"2025-01-07T14:12:34+00:00\",\"dateModified\":\"2025-01-10T10:20:26+00:00\",\"breadcrumb\":{\"@id\":\"https:\/\/capcover.tn\/product\/induliner-hdpe\/#breadcrumb\"},\"inLanguage\":\"en-GB\",\"potentialAction\":[{\"@type\":\"ReadAction\",\"target\":[\"https:\/\/capcover.tn\/product\/induliner-hdpe\/\"]}]},{\"@type\":\"ImageObject\",\"inLanguage\":\"en-GB\",\"@id\":\"https:\/\/capcover.tn\/product\/induliner-hdpe\/#primaryimage\",\"url\":\"https:\/\/capcover.tn\/wp-content\/uploads\/2025\/01\/INDULINER-HDPE.jpeg\",\"contentUrl\":\"https:\/\/capcover.tn\/wp-content\/uploads\/2025\/01\/INDULINER-HDPE.jpeg\",\"width\":1000,\"height\":1000},{\"@type\":\"BreadcrumbList\",\"@id\":\"https:\/\/capcover.tn\/product\/induliner-hdpe\/#breadcrumb\",\"itemListElement\":[{\"@type\":\"ListItem\",\"position\":1,\"name\":\"Accueil\",\"item\":\"https:\/\/capcover.tn\/\"},{\"@type\":\"ListItem\",\"position\":2,\"name\":\"Nos produits\",\"item\":\"https:\/\/capcover.tn\/shop\/\"},{\"@type\":\"ListItem\",\"position\":3,\"name\":\"Opercule de 1 pi\u00e8ce INDULINER HDPE\"}]},{\"@type\":\"WebSite\",\"@id\":\"https:\/\/capcover.tn\/en\/#website\",\"url\":\"https:\/\/capcover.tn\/en\/\",\"name\":\"Capcover\",\"description\":\"\",\"publisher\":{\"@id\":\"https:\/\/capcover.tn\/en\/#organization\"},\"potentialAction\":[{\"@type\":\"SearchAction\",\"target\":{\"@type\":\"EntryPoint\",\"urlTemplate\":\"https:\/\/capcover.tn\/en\/?s={search_term_string}\"},\"query-input\":{\"@type\":\"PropertyValueSpecification\",\"valueRequired\":true,\"valueName\":\"search_term_string\"}}],\"inLanguage\":\"en-GB\"},{\"@type\":\"Organization\",\"@id\":\"https:\/\/capcover.tn\/en\/#organization\",\"name\":\"Capcover\",\"url\":\"https:\/\/capcover.tn\/en\/\",\"logo\":{\"@type\":\"ImageObject\",\"inLanguage\":\"en-GB\",\"@id\":\"https:\/\/capcover.tn\/en\/#\/schema\/logo\/image\/\",\"url\":\"https:\/\/capcover.tn\/wp-content\/uploads\/2024\/07\/Fichier-1.png\",\"contentUrl\":\"https:\/\/capcover.tn\/wp-content\/uploads\/2024\/07\/Fichier-1.png\",\"width\":276,\"height\":54,\"caption\":\"Capcover\"},\"image\":{\"@id\":\"https:\/\/capcover.tn\/en\/#\/schema\/logo\/image\/\"}}]}<\/script>\n<!-- \/ Yoast SEO Premium plugin. -->","yoast_head_json":{"title":"Opercule de 1 pi\u00e8ce INDULINER HDPE - Capcover","robots":{"index":"index","follow":"follow","max-snippet":"max-snippet:-1","max-image-preview":"max-image-preview:large","max-video-preview":"max-video-preview:-1"},"canonical":"https:\/\/capcover.tn\/en\/product\/induliner-hdpe\/","og_locale":"en_GB","og_type":"article","og_title":"Opercule de 1 pi\u00e8ce INDULINER HDPE","og_description":"Cet opercule est lamin\u00e9 d\u2019un film de scellement qui garantit un scellage sur les r\u00e9cipients en mati\u00e8re HDPE. Ce joint est disponible avec une \u00e9paisseur de 0.2 mm. La partie visible de l\u2019opercule est de couleur blanche, avec une impression standard \u00ab Scell\u00e9 pour votre protection \u00bb ou toute autre impression que le client exigerait. La forme de cet opercule peut \u00eatre compl\u00e8tement ronde, ou il peut contenir une ou plusieurs languettes qui facilitent l\u2019ouverture. Nous pouvons \u00e9galement fabriquer des g\u00e9om\u00e9tries qui s\u2019adaptent \u00e0 des r\u00e9cipients sp\u00e9ciales.","og_url":"https:\/\/capcover.tn\/en\/product\/induliner-hdpe\/","og_site_name":"Capcover","article_modified_time":"2025-01-10T10:20:26+00:00","og_image":[{"width":1000,"height":1000,"url":"https:\/\/capcover.tn\/wp-content\/uploads\/2025\/01\/INDULINER-HDPE.jpeg","type":"image\/jpeg"}],"twitter_card":"summary_large_image","schema":{"@context":"https:\/\/schema.org","@graph":[{"@type":"WebPage","@id":"https:\/\/capcover.tn\/product\/induliner-hdpe\/","url":"https:\/\/capcover.tn\/product\/induliner-hdpe\/","name":"Opercule de 1 pi\u00e8ce INDULINER HDPE - Capcover","isPartOf":{"@id":"https:\/\/capcover.tn\/en\/#website"},"primaryImageOfPage":{"@id":"https:\/\/capcover.tn\/product\/induliner-hdpe\/#primaryimage"},"image":{"@id":"https:\/\/capcover.tn\/product\/induliner-hdpe\/#primaryimage"},"thumbnailUrl":"https:\/\/capcover.tn\/wp-content\/uploads\/2025\/01\/INDULINER-HDPE.jpeg","datePublished":"2025-01-07T14:12:34+00:00","dateModified":"2025-01-10T10:20:26+00:00","breadcrumb":{"@id":"https:\/\/capcover.tn\/product\/induliner-hdpe\/#breadcrumb"},"inLanguage":"en-GB","potentialAction":[{"@type":"ReadAction","target":["https:\/\/capcover.tn\/product\/induliner-hdpe\/"]}]},{"@type":"ImageObject","inLanguage":"en-GB","@id":"https:\/\/capcover.tn\/product\/induliner-hdpe\/#primaryimage","url":"https:\/\/capcover.tn\/wp-content\/uploads\/2025\/01\/INDULINER-HDPE.jpeg","contentUrl":"https:\/\/capcover.tn\/wp-content\/uploads\/2025\/01\/INDULINER-HDPE.jpeg","width":1000,"height":1000},{"@type":"BreadcrumbList","@id":"https:\/\/capcover.tn\/product\/induliner-hdpe\/#breadcrumb","itemListElement":[{"@type":"ListItem","position":1,"name":"Accueil","item":"https:\/\/capcover.tn\/"},{"@type":"ListItem","position":2,"name":"Nos produits","item":"https:\/\/capcover.tn\/shop\/"},{"@type":"ListItem","position":3,"name":"Opercule de 1 pi\u00e8ce INDULINER HDPE"}]},{"@type":"WebSite","@id":"https:\/\/capcover.tn\/en\/#website","url":"https:\/\/capcover.tn\/en\/","name":"Capcover","description":"","publisher":{"@id":"https:\/\/capcover.tn\/en\/#organization"},"potentialAction":[{"@type":"SearchAction","target":{"@type":"EntryPoint","urlTemplate":"https:\/\/capcover.tn\/en\/?s={search_term_string}"},"query-input":{"@type":"PropertyValueSpecification","valueRequired":true,"valueName":"search_term_string"}}],"inLanguage":"en-GB"},{"@type":"Organization","@id":"https:\/\/capcover.tn\/en\/#organization","name":"Capcover","url":"https:\/\/capcover.tn\/en\/","logo":{"@type":"ImageObject","inLanguage":"en-GB","@id":"https:\/\/capcover.tn\/en\/#\/schema\/logo\/image\/","url":"https:\/\/capcover.tn\/wp-content\/uploads\/2024\/07\/Fichier-1.png","contentUrl":"https:\/\/capcover.tn\/wp-content\/uploads\/2024\/07\/Fichier-1.png","width":276,"height":54,"caption":"Capcover"},"image":{"@id":"https:\/\/capcover.tn\/en\/#\/schema\/logo\/image\/"}}]}},"_links":{"self":[{"href":"https:\/\/capcover.tn\/en\/wp-json\/wp\/v2\/product\/9724","targetHints":{"allow":["GET"]}}],"collection":[{"href":"https:\/\/capcover.tn\/en\/wp-json\/wp\/v2\/product"}],"about":[{"href":"https:\/\/capcover.tn\/en\/wp-json\/wp\/v2\/types\/product"}],"wp:featuredmedia":[{"embeddable":true,"href":"https:\/\/capcover.tn\/en\/wp-json\/wp\/v2\/media\/9726"}],"wp:attachment":[{"href":"https:\/\/capcover.tn\/en\/wp-json\/wp\/v2\/media?parent=9724"}],"wp:term":[{"taxonomy":"product_cat","embeddable":true,"href":"https:\/\/capcover.tn\/en\/wp-json\/wp\/v2\/product_cat?post=9724"},{"taxonomy":"product_tag","embeddable":true,"href":"https:\/\/capcover.tn\/en\/wp-json\/wp\/v2\/product_tag?post=9724"}],"curies":[{"name":"wp","href":"https:\/\/api.w.org\/{rel}","templated":true}]}}